{"id":87,"date":"2014-10-23T09:24:42","date_gmt":"2014-10-23T06:24:42","guid":{"rendered":"https:\/\/xml-io.proteusthemes.com\/buildpress\/?page_id=87"},"modified":"2014-10-23T09:24:42","modified_gmt":"2014-10-23T06:24:42","slug":"musteri-servisleri","status":"publish","type":"page","link":"https:\/\/yildiztur.com\/index.php\/hizmetlerimiz\/musteri-servisleri\/","title":{"rendered":"M\u00fc\u015fteri Servisleri"},"content":{"rendered":"<div id=\"pl-87\"  class=\"panel-layout\" ><div id=\"pg-87-0\"  class=\"panel-grid panel-no-style\" ><div id=\"pgc-87-0-0\"  class=\"panel-grid-cell\" ><div id=\"panel-87-0-0-0\" class=\"so-panel widget widget_black-studio-tinymce widget_black_studio_tinymce panel-first-child panel-last-child\" data-index=\"0\" ><div class=\"textwidget\"><p>Y\u0131ld\u0131z Tur t\u00fcm al\u0131\u015fveri\u015f merkezlerine ve zincir marketlerin m\u00fc\u015fteri servisleri i\u00e7in ara\u00e7 temin etmektedir. Saatine ve g\u00fczergah\u0131na kendinizin karar verece\u011fi bu servislerde her t\u00fcrl\u00fc ihtiyac\u0131 kar\u015f\u0131layabilecek alt yap\u0131m\u0131z mevcuttur.<\/p>\n<p>Yolcu say\u0131s\u0131 arac\u0131n \u00f6znitelikleri gibi \u00f6zelliklerin yan\u0131 s\u0131ra bir \u00e7ok alternatif ile t\u00fcm avm ve zincir marketlerin m\u00fc\u015fteri servisleri i\u00e7in hizmetinizdeyiz.<\/p>\n<\/div><\/div><\/div><div id=\"pgc-87-0-1\"  class=\"panel-grid-cell\" ><div id=\"panel-87-0-1-0\" class=\"so-panel widget widget_black-studio-tinymce widget_black_studio_tinymce panel-first-child panel-last-child\" data-index=\"1\" ><div class=\"textwidget\"><p><a href=\"https:\/\/i0.wp.com\/www.yildiztur.com\/wp-content\/uploads\/2019\/05\/m\u00fc\u015fteri-servisi.jpg\"><img loading=\"lazy\" decoding=\"async\" class=\"alignnone wp-image-56\" src=\"https:\/\/i0.wp.com\/www.yildiztur.com\/wp-content\/uploads\/2019\/05\/m\u00fc\u015fteri-servisi.jpg?resize=410%2C230\" alt=\"Content Image\" width=\"410\" height=\"230\" data-recalc-dims=\"1\" \/><\/a><\/p>\n<\/div><\/div><\/div><\/div><\/div>","protected":false},"excerpt":{"rendered":"<p>Y\u0131ld\u0131z Tur t\u00fcm al\u0131\u015fveri\u015f merkezlerine ve zincir marketlerin m\u00fc\u015fteri servisleri i\u00e7in ara\u00e7 temin etmektedir.<\/p>\n","protected":false},"author":1,"featured_media":2799,"parent":49,"menu_order":0,"comment_status":"closed","ping_status":"closed","template":"","meta":{"footnotes":""},"class_list":["post-87","page","type-page","status-publish","has-post-thumbnail","hentry"],"acf":[],"jetpack-related-posts":[],"_links":{"self":[{"href":"https:\/\/yildiztur.com\/index.php\/wp-json\/wp\/v2\/pages\/87","targetHints":{"allow":["GET"]}}],"collection":[{"href":"https:\/\/yildiztur.com\/index.php\/wp-json\/wp\/v2\/pages"}],"about":[{"href":"https:\/\/yildiztur.com\/index.php\/wp-json\/wp\/v2\/types\/page"}],"author":[{"embeddable":true,"href":"https:\/\/yildiztur.com\/index.php\/wp-json\/wp\/v2\/users\/1"}],"replies":[{"embeddable":true,"href":"https:\/\/yildiztur.com\/index.php\/wp-json\/wp\/v2\/comments?post=87"}],"version-history":[{"count":0,"href":"https:\/\/yildiztur.com\/index.php\/wp-json\/wp\/v2\/pages\/87\/revisions"}],"up":[{"embeddable":true,"href":"https:\/\/yildiztur.com\/index.php\/wp-json\/wp\/v2\/pages\/49"}],"wp:featuredmedia":[{"embeddable":true,"href":"https:\/\/yildiztur.com\/index.php\/wp-json\/wp\/v2\/media\/2799"}],"wp:attachment":[{"href":"https:\/\/yildiztur.com\/index.php\/wp-json\/wp\/v2\/media?parent=87"}],"curies":[{"name":"wp","href":"https:\/\/api.w.org\/{rel}","templated":true}]}}