{"id":84,"date":"2014-10-23T09:22:51","date_gmt":"2014-10-23T06:22:51","guid":{"rendered":"https:\/\/xml-io.proteusthemes.com\/buildpress\/?page_id=84"},"modified":"2014-10-23T09:22:51","modified_gmt":"2014-10-23T06:22:51","slug":"ozel-turlar","status":"publish","type":"page","link":"https:\/\/yildiztur.com\/index.php\/hizmetlerimiz\/ozel-turlar\/","title":{"rendered":"\u00d6zel Turlar"},"content":{"rendered":"<div id=\"pl-84\"  class=\"panel-layout\" ><div id=\"pg-84-0\"  class=\"panel-grid panel-no-style\" ><div id=\"pgc-84-0-0\"  class=\"panel-grid-cell\" ><div id=\"panel-84-0-0-0\" class=\"so-panel widget widget_black-studio-tinymce widget_black_studio_tinymce panel-first-child panel-last-child\" data-index=\"0\" ><div class=\"textwidget\"><p><img loading=\"lazy\" decoding=\"async\" class=\"alignnone wp-image-2797 size-medium\" src=\"https:\/\/i0.wp.com\/www.yildiztur.com\/wp-content\/uploads\/2019\/05\/\u00f6zel-turlar-300x168.jpg?resize=410%2C230\" alt=\"\" width=\"410\" height=\"230\" data-recalc-dims=\"1\" \/><\/p>\n<\/div><\/div><\/div><div id=\"pgc-84-0-1\"  class=\"panel-grid-cell\" ><div id=\"panel-84-0-1-0\" class=\"so-panel widget widget_black-studio-tinymce widget_black_studio_tinymce panel-first-child panel-last-child\" data-index=\"1\" ><div class=\"textwidget\"><p>Y\u0131ld\u0131z Tur t\u00fcm ger\u00e7ek ve t\u00fczel ki\u015filere resmi kurum ve kurulu\u015flara yurt i\u00e7i gezilerinde ara\u00e7 temin etmektedir. Tarihine ve g\u00fczergah\u0131na kendinizin karar verece\u011fi bu turlarda her t\u00fcrl\u00fc ihtiyac\u0131 kar\u015f\u0131layabilecek alt yap\u0131m\u0131z mevcuttur.<\/p>\n<p>Yolcu say\u0131s\u0131 arac\u0131n \u00f6znitelikleri gibi \u00f6zelliklerin yan\u0131 s\u0131ra \u00f6zel tur rehberi gibi bir \u00e7ok alternatif ile t\u00fcm gezi ve organizasyonlar\u0131n\u0131zda hizmetinizdeyiz.<\/p>\n<\/div><\/div><\/div><\/div><\/div>","protected":false},"excerpt":{"rendered":"<p>Y\u0131ld\u0131z Tur t\u00fcm ger\u00e7ek ve t\u00fczel ki\u015filere resmi kurum ve kurulu\u015flara yurt i\u00e7i gezilerinde ara\u00e7 temin etmektedir.<\/p>\n","protected":false},"author":1,"featured_media":2797,"parent":49,"menu_order":0,"comment_status":"closed","ping_status":"closed","template":"","meta":{"footnotes":""},"class_list":["post-84","page","type-page","status-publish","has-post-thumbnail","hentry"],"acf":[],"jetpack-related-posts":[],"_links":{"self":[{"href":"https:\/\/yildiztur.com\/index.php\/wp-json\/wp\/v2\/pages\/84","targetHints":{"allow":["GET"]}}],"collection":[{"href":"https:\/\/yildiztur.com\/index.php\/wp-json\/wp\/v2\/pages"}],"about":[{"href":"https:\/\/yildiztur.com\/index.php\/wp-json\/wp\/v2\/types\/page"}],"author":[{"embeddable":true,"href":"https:\/\/yildiztur.com\/index.php\/wp-json\/wp\/v2\/users\/1"}],"replies":[{"embeddable":true,"href":"https:\/\/yildiztur.com\/index.php\/wp-json\/wp\/v2\/comments?post=84"}],"version-history":[{"count":0,"href":"https:\/\/yildiztur.com\/index.php\/wp-json\/wp\/v2\/pages\/84\/revisions"}],"up":[{"embeddable":true,"href":"https:\/\/yildiztur.com\/index.php\/wp-json\/wp\/v2\/pages\/49"}],"wp:featuredmedia":[{"embeddable":true,"href":"https:\/\/yildiztur.com\/index.php\/wp-json\/wp\/v2\/media\/2797"}],"wp:attachment":[{"href":"https:\/\/yildiztur.com\/index.php\/wp-json\/wp\/v2\/media?parent=84"}],"curies":[{"name":"wp","href":"https:\/\/api.w.org\/{rel}","templated":true}]}}