{"id":73,"date":"2014-10-23T09:16:50","date_gmt":"2014-10-23T06:16:50","guid":{"rendered":"https:\/\/xml-io.proteusthemes.com\/buildpress\/?page_id=73"},"modified":"2014-10-23T09:16:50","modified_gmt":"2014-10-23T06:16:50","slug":"vip-arac-hizmetleri","status":"publish","type":"page","link":"https:\/\/yildiztur.com\/index.php\/hizmetlerimiz\/vip-arac-hizmetleri\/","title":{"rendered":"VIP Ara\u00e7 Hizmetleri"},"content":{"rendered":"<div id=\"pl-73\"  class=\"panel-layout\" ><div id=\"pg-73-0\"  class=\"panel-grid panel-no-style\" ><div id=\"pgc-73-0-0\"  class=\"panel-grid-cell\" ><div id=\"panel-73-0-0-0\" class=\"so-panel widget widget_black-studio-tinymce widget_black_studio_tinymce panel-first-child panel-last-child\" data-index=\"0\" ><div class=\"textwidget\"><p><a href=\"https:\/\/i0.wp.com\/www.yildiztur.com\/wp-content\/uploads\/2019\/05\/viparaclar.jpg\"><img loading=\"lazy\" decoding=\"async\" class=\"alignnone wp-image-131\" src=\"https:\/\/i0.wp.com\/www.yildiztur.com\/wp-content\/uploads\/2019\/05\/viparaclar.jpg?resize=410%2C230\" alt=\"Content Image\" width=\"410\" height=\"230\" data-recalc-dims=\"1\" \/><\/a><\/p>\n<\/div><\/div><\/div><div id=\"pgc-73-0-1\"  class=\"panel-grid-cell\" ><div id=\"panel-73-0-1-0\" class=\"so-panel widget widget_black-studio-tinymce widget_black_studio_tinymce panel-first-child panel-last-child\" data-index=\"1\" ><div class=\"textwidget\"><p>Y\u0131ld\u0131z Tur sekt\u00f6rde uzun y\u0131llara dayanan deneyimiyle kurumsal ve bireysel m\u00fc\u015fterilerine VIB ara\u00e7 hizmetleri sunmaktad\u0131r. \u00d6zel donan\u0131ml\u0131 VIP<\/p>\n<p>Ara\u00e7lar\u0131 ve \u00f6zel e\u011fitimli \u015fof\u00f6rleriyle hizmet veren Y\u0131ld\u0131z Tur, bu y\u00f6n\u00fcyle de sekt\u00f6r\u00fcn \u00f6nde gelen firmas\u0131d\u0131r.<\/p>\n<p>Y\u0131ld\u0131z Tur ara\u00e7 filosunda \u00f6zel donan\u0131ml\u0131 l\u00fcks VIP ara\u00e7lar bulunmaktad\u0131r. S\u00fcr\u00fcc\u00fcl\u00fc VIP hizmeti kapsam\u0131nda kurum, kurulu\u015flarya da \u015fah\u0131slara \u00f6zel g\u00fcnler (d\u00fc\u011f\u00fcn, s\u00fcnnet t\u00f6reni vb.), havaalan\u0131 transferleri, geziler i\u00e7in VIP segmentinde ki ara\u00e7lar\u0131m\u0131zdan sunulmaktad\u0131r.<\/p>\n<p>Yolculu\u011funuz s\u00fcresince sizin emrinize sunulmu\u015f ve sizin memnuniyetinize kendini adam\u0131\u015f profesyonel s\u00fcr\u00fcc\u00fclerimiz ile sizi \u00f6zel hissettirecek zamanlarda Y\u0131ld\u0131z Tur en do\u011fru se\u00e7imdir.<\/p>\n<p>Yurtd\u0131\u015f\u0131ndan veya yurti\u00e7inden gelen \u00f6zel konuklar\u0131n\u0131z\u0131 kar\u015f\u0131lamaya ve onlar\u0131 a\u011f\u0131rlamaya zaman\u0131n\u0131z m\u0131 yok? Bizler sizlerin \u00e7ok \u00f6nemli konuklar\u0131n\u0131z\u0131 havalimanlar\u0131ndan, otogralardan ve limanlardan kar\u015f\u0131layarak son derece konforlu bir bir yolculukla istedikleri yere b\u0131rakmaktay\u0131z\u2026<\/p>\n<p>Bunun yan\u0131s\u0131ra onlara \u00f6zel turlar organize ederek onlar\u0131n ho\u015fca vakit ge\u00e7irmelerini ve seyahatlar\u0131ndan ve tatilllerinden memnun an\u0131larla d\u00f6nmelerini sa\u011flamak i\u00e7in t\u00fcm ekibimizle \u00fcst\u00fcn bir performans sa\u011flamaktay\u0131z\u2026<\/p>\n<p>Yolculu\u011funuz s\u00fcresince sizin emrinize sunulmu\u015f ve sizin memnuniyetinize kendini adam\u0131\u015f profesyonel s\u00fcr\u00fcc\u00fclerimiz ile sizi \u00f6zel hissettirecek zamanlarda Aycan Turizm en do\u011fru se\u00e7imdir.<\/p>\n<p>Ara\u00e7 filomuzda 3 segmentte VIP ara\u00e7 bulunmaktad\u0131r. Bunlar VIP Otomobil, VIP Minib\u00fcs ve VIP Otob\u00fcst\u00fcr. Bu gruplarda yolcu say\u0131s\u0131na veya protokol durumuna g\u00f6re farkl\u0131 tipte ara\u00e7lar \u00f6nerilmektedir<\/p>\n<p>-\u0130\u015f Gezileri- \u0130\u015f Yemekleri<br \/>\n-Gezi- \u015eehir turlar\u0131<br \/>\n-Her t\u00fcr transfer \u0130\u015flerinizde<br \/>\n-Tam donan\u0131ml\u0131 l\u00fcks ara\u00e7lar\u0131m\u0131z ile hizmetinizdeyiz.<\/p>\n<\/div><\/div><\/div><\/div><\/div>","protected":false},"excerpt":{"rendered":"<p>Uzun y\u0131llara dayanan deneyimiyle kurumsal ve bireysel m\u00fc\u015fterilerine \u00d6zel donan\u0131ml\u0131 VIP Ara\u00e7lar\u0131 ve \u00f6zel e\u011fitimli \u015fof\u00f6rleriyle hizmet veren Y\u0131ld\u0131z Tur, bu y\u00f6n\u00fcyle de sekt\u00f6r\u00fcn \u00f6nde gelen firmas\u0131d\u0131r.<\/p>\n","protected":false},"author":1,"featured_media":2801,"parent":49,"menu_order":0,"comment_status":"closed","ping_status":"closed","template":"","meta":{"footnotes":""},"class_list":["post-73","page","type-page","status-publish","has-post-thumbnail","hentry"],"acf":[],"jetpack-related-posts":[],"_links":{"self":[{"href":"https:\/\/yildiztur.com\/index.php\/wp-json\/wp\/v2\/pages\/73","targetHints":{"allow":["GET"]}}],"collection":[{"href":"https:\/\/yildiztur.com\/index.php\/wp-json\/wp\/v2\/pages"}],"about":[{"href":"https:\/\/yildiztur.com\/index.php\/wp-json\/wp\/v2\/types\/page"}],"author":[{"embeddable":true,"href":"https:\/\/yildiztur.com\/index.php\/wp-json\/wp\/v2\/users\/1"}],"replies":[{"embeddable":true,"href":"https:\/\/yildiztur.com\/index.php\/wp-json\/wp\/v2\/comments?post=73"}],"version-history":[{"count":0,"href":"https:\/\/yildiztur.com\/index.php\/wp-json\/wp\/v2\/pages\/73\/revisions"}],"up":[{"embeddable":true,"href":"https:\/\/yildiztur.com\/index.php\/wp-json\/wp\/v2\/pages\/49"}],"wp:featuredmedia":[{"embeddable":true,"href":"https:\/\/yildiztur.com\/index.php\/wp-json\/wp\/v2\/media\/2801"}],"wp:attachment":[{"href":"https:\/\/yildiztur.com\/index.php\/wp-json\/wp\/v2\/media?parent=73"}],"curies":[{"name":"wp","href":"https:\/\/api.w.org\/{rel}","templated":true}]}}