{"id":71,"date":"2014-10-23T09:16:12","date_gmt":"2014-10-23T06:16:12","guid":{"rendered":"https:\/\/xml-io.proteusthemes.com\/buildpress\/?page_id=71"},"modified":"2014-10-23T09:16:12","modified_gmt":"2014-10-23T06:16:12","slug":"arac-kiralama-hizmetleri","status":"publish","type":"page","link":"https:\/\/yildiztur.com\/index.php\/hizmetlerimiz\/arac-kiralama-hizmetleri\/","title":{"rendered":"Ara\u00e7 Kiralama Hizmetleri"},"content":{"rendered":"<div id=\"pl-71\"  class=\"panel-layout\" ><div id=\"pg-71-0\"  class=\"panel-grid panel-no-style\" ><div id=\"pgc-71-0-0\"  class=\"panel-grid-cell\" ><div id=\"panel-71-0-0-0\" class=\"so-panel widget widget_black-studio-tinymce widget_black_studio_tinymce panel-first-child panel-last-child\" data-index=\"0\" ><div class=\"textwidget\"><p>Y\u0131ld\u0131z Tur Filo Kiralamadaki ara\u00e7 say\u0131s\u0131 ve \u00e7e\u015fitlili\u011fi, \u00e7ok y\u00f6nl\u00fc ihtiya\u00e7lar\u0131n\u0131z\u0131 sorunsuz olarak kar\u015f\u0131lama imk\u00e2n\u0131 sa\u011flarken t\u00fcm T\u00fcrkiye\u2019de olas\u0131 soru ve sorunlar\u0131n\u0131z\u0131n \u00e7\u00f6z\u00fcm\u00fc konusunda da en g\u00fcvenilir hizmeti vererek kaliteyi sizlere sunuyoruz.<\/p>\n<p>Filo Kiralama\u2019 da yeni \u00e7\u00f6z\u00fcm orta\u011f\u0131n\u0131z olarak Kurumsal ara\u00e7 kiralamalar\u0131nda sizlere hizmet vermek istiyoruz.<\/p>\n<p>G\u00fcnl\u00fck ara\u00e7 kiralama hizmetimiz malesef yoktur. Kurumsal olarak y\u0131ll\u0131k kiralama yap\u0131yoruz.<\/p>\n<\/div><\/div><\/div><div id=\"pgc-71-0-1\"  class=\"panel-grid-cell\" ><div id=\"panel-71-0-1-0\" class=\"so-panel widget widget_black-studio-tinymce widget_black_studio_tinymce panel-first-child panel-last-child\" data-index=\"1\" ><div class=\"textwidget\"><p><a href=\"https:\/\/i0.wp.com\/www.yildiztur.com\/wp-content\/uploads\/2019\/05\/ara\u00e7-kiralama-hizmeti.jpg\"><img loading=\"lazy\" decoding=\"async\" class=\"alignnone wp-image-118\" src=\"https:\/\/i0.wp.com\/www.yildiztur.com\/wp-content\/uploads\/2019\/05\/ara\u00e7-kiralama-hizmeti.jpg?resize=410%2C230\" alt=\"Content Image\" width=\"410\" height=\"230\" data-recalc-dims=\"1\" \/><\/a><\/p>\n<\/div><\/div><\/div><\/div><\/div>","protected":false},"excerpt":{"rendered":"<p>Y\u0131ld\u0131z Tur Filo Kiralamadaki ara\u00e7 say\u0131s\u0131 ve \u00e7e\u015fitlili\u011fi, \u00e7ok y\u00f6nl\u00fc ihtiya\u00e7lar\u0131n\u0131z\u0131 sorunsuz olarak kar\u015f\u0131lama imk\u00e2n\u0131 sa\u011flarken t\u00fcm T\u00fcrkiye\u2019de olas\u0131 soru ve sorunlar\u0131n\u0131z\u0131n \u00e7\u00f6z\u00fcm\u00fc konusunda da en g\u00fcvenilir hizmeti vererek kaliteyi sizlere sunuyoruz.<\/p>\n","protected":false},"author":1,"featured_media":2772,"parent":49,"menu_order":0,"comment_status":"closed","ping_status":"closed","template":"","meta":{"footnotes":""},"class_list":["post-71","page","type-page","status-publish","has-post-thumbnail","hentry"],"acf":[],"jetpack-related-posts":[],"_links":{"self":[{"href":"https:\/\/yildiztur.com\/index.php\/wp-json\/wp\/v2\/pages\/71","targetHints":{"allow":["GET"]}}],"collection":[{"href":"https:\/\/yildiztur.com\/index.php\/wp-json\/wp\/v2\/pages"}],"about":[{"href":"https:\/\/yildiztur.com\/index.php\/wp-json\/wp\/v2\/types\/page"}],"author":[{"embeddable":true,"href":"https:\/\/yildiztur.com\/index.php\/wp-json\/wp\/v2\/users\/1"}],"replies":[{"embeddable":true,"href":"https:\/\/yildiztur.com\/index.php\/wp-json\/wp\/v2\/comments?post=71"}],"version-history":[{"count":0,"href":"https:\/\/yildiztur.com\/index.php\/wp-json\/wp\/v2\/pages\/71\/revisions"}],"up":[{"embeddable":true,"href":"https:\/\/yildiztur.com\/index.php\/wp-json\/wp\/v2\/pages\/49"}],"wp:featuredmedia":[{"embeddable":true,"href":"https:\/\/yildiztur.com\/index.php\/wp-json\/wp\/v2\/media\/2772"}],"wp:attachment":[{"href":"https:\/\/yildiztur.com\/index.php\/wp-json\/wp\/v2\/media?parent=71"}],"curies":[{"name":"wp","href":"https:\/\/api.w.org\/{rel}","templated":true}]}}