{"id":511,"date":"2014-10-15T12:59:47","date_gmt":"2014-10-15T09:59:47","guid":{"rendered":"https:\/\/xml-io.proteusthemes.com\/buildpress\/?page_id=7"},"modified":"2022-10-27T09:57:40","modified_gmt":"2022-10-27T09:57:40","slug":"anasayfa","status":"publish","type":"page","link":"https:\/\/yildiztur.com\/","title":{"rendered":"Anasayfa"},"content":{"rendered":"<div id=\"pl-511\"  class=\"panel-layout\" ><div id=\"pg-511-0\"  class=\"panel-grid panel-has-style\" ><div class=\"siteorigin-panels-stretch panel-row-style panel-row-style-for-511-0\" data-stretch-type=\"full\" ><div id=\"pgc-511-0-0\"  class=\"panel-grid-cell\" ><div id=\"panel-511-0-0-0\" class=\"so-panel widget widget_pt_banner widget-banner panel-first-child panel-last-child\" data-index=\"0\" >\t\t\t\t<div class=\"banner__text\">\n\t\t\t\t\tG\u00fcvenli, konforlu ve kaliteli hizmet veren bir servis tur firmas\u0131 m\u0131 ar\u0131yorsunuz?\t\t\t\t<\/div>\n\t\t\t\t<div class=\"banner__buttons\">\n\t\t\t\t\t<a class=\"btn  btn-default\" href=\"http:\/\/www.yildiztur.com\/index.php\/araclar\/\" target=\"_self\">ARA\u00c7LARIMIZ<\/a>\u00a0\u00a0\u00a0<a class=\"btn  btn-primary\" href=\"http:\/\/www.yildiztur.com\/index.php\/iletisim\/\" target=\"_blank\">\u0130LET\u0130\u015e\u0130ME GE\u00c7<\/a> \t\t\t\t<\/div>\n\t\t\t<\/div><\/div><\/div><\/div><div id=\"pg-511-1\"  class=\"panel-grid panel-no-style\" ><div id=\"pgc-511-1-0\"  class=\"panel-grid-cell\" ><div id=\"panel-511-1-0-0\" class=\"so-panel widget widget_pt_featured_page widget-featured-page panel-first-child panel-last-child\" data-index=\"1\" >\t\t\t\t<div class=\"page-box page-box--block post-511 page type-page status-publish hentry\">\n\t\t\t\t\t\t\t\t\t\t\t\t\t\t\t<a class=\"page-box__picture\" href=\"https:\/\/yildiztur.com\/index.php\/hizmetlerimiz\/personel-servis-tasimaciligi\/\"><img loading=\"lazy\" decoding=\"async\" src=\"https:\/\/i0.wp.com\/yildiztur.com\/wp-content\/uploads\/2019\/05\/personel-servisi-1.jpg?resize=360%2C202&#038;ssl=1\" width=\"360\" height=\"202\" srcset=\"https:\/\/i0.wp.com\/yildiztur.com\/wp-content\/uploads\/2019\/05\/personel-servisi-1.jpg?resize=360%2C202&ssl=1 360w, https:\/\/i0.wp.com\/yildiztur.com\/wp-content\/uploads\/2019\/05\/personel-servisi-1.jpg?fit=1140%2C640&ssl=1 1140w\" sizes=\"auto, (min-width: 992px) 360px, calc(100vw - 30px)\" class=\"wp-post-image\" alt=\"Personel Servis Ta\u015f\u0131mac\u0131l\u0131\u011f\u0131\"><\/a>\n\t\t\t\t\t\t\t\t\t\t\t\t\t\t<div class=\"page-box__content\">\n\t\t\t\t\t\t<h5 class=\"page-box__title  text-uppercase\"><a href=\"https:\/\/yildiztur.com\/index.php\/hizmetlerimiz\/personel-servis-tasimaciligi\/\">Personel Servis Ta\u015f\u0131mac\u0131l\u0131\u011f\u0131<\/a><\/h5>\n\t\t\t\t\t\t<p>Y\u0131ld\u0131z Tur, ta\u015f\u0131mac\u0131l\u0131\u011f\u0131n\u0131 yapt\u0131\u011f\u0131 \u00e7al\u0131\u015fanlar\u0131n konforlu ve g\u00fcven i\u00e7inde ta\u015f\u0131mas\u0131n\u0131 yaparken, belirtilen saat ve yere, taahh\u00fct etti\u011fi ko\u015fullarda ula\u015fmas\u0131n\u0131 da garanti alt\u0131na almaktad\u0131r. <\/p>\n\t\t\t\t\t\t\t\t\t\t\t\t\t<p><a href=\"https:\/\/yildiztur.com\/index.php\/hizmetlerimiz\/personel-servis-tasimaciligi\/\" class=\"read-more  read-more--page-box\">Devam\u0131n\u0131 Oku<\/a><\/p>\n\t\t\t\t\t\t\t\t\t\t\t<\/div>\n\t\t\t\t<\/div>\n\n\t\t\t<\/div><\/div><div id=\"pgc-511-1-1\"  class=\"panel-grid-cell\" ><div id=\"panel-511-1-1-0\" class=\"so-panel widget widget_pt_featured_page widget-featured-page panel-first-child panel-last-child\" data-index=\"2\" >\t\t\t\t<div class=\"page-box page-box--block post-511 page type-page status-publish hentry\">\n\t\t\t\t\t\t\t\t\t\t\t\t\t\t\t<a class=\"page-box__picture\" href=\"https:\/\/yildiztur.com\/index.php\/hizmetlerimiz\/ogrenci-servis-tasimaciligi\/\"><img loading=\"lazy\" decoding=\"async\" src=\"https:\/\/i0.wp.com\/yildiztur.com\/wp-content\/uploads\/2019\/05\/ogrenci-servis-tasimaciligi-1.jpg?resize=360%2C202&#038;ssl=1\" width=\"360\" height=\"202\" srcset=\"https:\/\/i0.wp.com\/yildiztur.com\/wp-content\/uploads\/2019\/05\/ogrenci-servis-tasimaciligi-1.jpg?resize=360%2C202&ssl=1 360w, https:\/\/i0.wp.com\/yildiztur.com\/wp-content\/uploads\/2019\/05\/ogrenci-servis-tasimaciligi-1.jpg?fit=1140%2C640&ssl=1 1140w\" sizes=\"auto, (min-width: 992px) 360px, calc(100vw - 30px)\" class=\"wp-post-image\" alt=\"\u00d6\u011frenci Servis Ta\u015f\u0131mac\u0131l\u0131\u011f\u0131\"><\/a>\n\t\t\t\t\t\t\t\t\t\t\t\t\t\t<div class=\"page-box__content\">\n\t\t\t\t\t\t<h5 class=\"page-box__title  text-uppercase\"><a href=\"https:\/\/yildiztur.com\/index.php\/hizmetlerimiz\/ogrenci-servis-tasimaciligi\/\">\u00d6\u011frenci Servis Ta\u015f\u0131mac\u0131l\u0131\u011f\u0131<\/a><\/h5>\n\t\t\t\t\t\t<p>Ta\u015f\u0131ma ve ula\u015ft\u0131rma alan\u0131na s\u00fcrekli ihtiya\u00e7 duymaktay\u0131z. Yeni nesil sistemlerimiz ve beklentilerinizi kar\u015f\u0131layacak hizmet alan\u0131m\u0131z ile okul ve \u00f6\u011frenci ta\u015f\u0131mac\u0131l\u0131\u011f\u0131 kategorisinde sizlere daima destek olmaktay\u0131z. <\/p>\n\t\t\t\t\t\t\t\t\t\t\t\t\t<p><a href=\"https:\/\/yildiztur.com\/index.php\/hizmetlerimiz\/ogrenci-servis-tasimaciligi\/\" class=\"read-more  read-more--page-box\">Devam\u0131n\u0131 Oku<\/a><\/p>\n\t\t\t\t\t\t\t\t\t\t\t<\/div>\n\t\t\t\t<\/div>\n\n\t\t\t<\/div><\/div><div id=\"pgc-511-1-2\"  class=\"panel-grid-cell\" ><div id=\"panel-511-1-2-0\" class=\"so-panel widget widget_pt_featured_page widget-featured-page panel-first-child\" data-index=\"3\" >\t\t\t\t<div class=\"page-box page-box--inline post-511 page type-page status-publish hentry\">\n\t\t\t\t\t\t\t\t\t<a class=\"page-box__picture\" href=\"https:\/\/yildiztur.com\/index.php\/hizmetlerimiz\/vip-arac-hizmetleri\/\"><img loading=\"lazy\" decoding=\"async\" width=\"100\" height=\"75\" src=\"https:\/\/i0.wp.com\/yildiztur.com\/wp-content\/uploads\/2019\/05\/viparaclar-1.jpg?resize=100%2C75&amp;ssl=1\" class=\"attachment-100x75-crop size-100x75-crop wp-post-image\" alt=\"\" srcset=\"https:\/\/i0.wp.com\/yildiztur.com\/wp-content\/uploads\/2019\/05\/viparaclar-1.jpg?resize=100%2C75&amp;ssl=1 100w, https:\/\/i0.wp.com\/yildiztur.com\/wp-content\/uploads\/2019\/05\/viparaclar-1.jpg?zoom=2&amp;resize=100%2C75&amp;ssl=1 200w, https:\/\/i0.wp.com\/yildiztur.com\/wp-content\/uploads\/2019\/05\/viparaclar-1.jpg?zoom=3&amp;resize=100%2C75&amp;ssl=1 300w\" sizes=\"auto, (max-width: 100px) 100vw, 100px\" \/><\/a>\n\t\t\t\t\t\t\t\t\t<div class=\"page-box__content\">\n\t\t\t\t\t\t<h5 class=\"page-box__title  text-uppercase\"><a href=\"https:\/\/yildiztur.com\/index.php\/hizmetlerimiz\/vip-arac-hizmetleri\/\">VIP Ara\u00e7 Hizmetleri<\/a><\/h5>\n\t\t\t\t\t\t<p>Uzun y\u0131llara dayanan deneyimiyle kurumsal ve bireysel m\u00fc\u015fterilerine &hellip;<\/p>\n\t\t\t\t\t\t\t\t\t\t\t<\/div>\n\t\t\t\t<\/div>\n\n\t\t\t<\/div><div id=\"panel-511-1-2-1\" class=\"so-panel widget widget_pt_featured_page widget-featured-page\" data-index=\"4\" >\t\t\t\t<div class=\"page-box page-box--inline post-511 page type-page status-publish hentry\">\n\t\t\t\t\t\t\t\t\t<a class=\"page-box__picture\" href=\"https:\/\/yildiztur.com\/index.php\/hizmetlerimiz\/musteri-servisleri\/\"><img loading=\"lazy\" decoding=\"async\" width=\"100\" height=\"75\" src=\"https:\/\/i0.wp.com\/yildiztur.com\/wp-content\/uploads\/2019\/05\/musteri-servisi.jpg?resize=100%2C75&amp;ssl=1\" class=\"attachment-100x75-crop size-100x75-crop wp-post-image\" alt=\"\" srcset=\"https:\/\/i0.wp.com\/yildiztur.com\/wp-content\/uploads\/2019\/05\/musteri-servisi.jpg?resize=100%2C75&amp;ssl=1 100w, https:\/\/i0.wp.com\/yildiztur.com\/wp-content\/uploads\/2019\/05\/musteri-servisi.jpg?zoom=2&amp;resize=100%2C75&amp;ssl=1 200w, https:\/\/i0.wp.com\/yildiztur.com\/wp-content\/uploads\/2019\/05\/musteri-servisi.jpg?zoom=3&amp;resize=100%2C75&amp;ssl=1 300w\" sizes=\"auto, (max-width: 100px) 100vw, 100px\" \/><\/a>\n\t\t\t\t\t\t\t\t\t<div class=\"page-box__content\">\n\t\t\t\t\t\t<h5 class=\"page-box__title  text-uppercase\"><a href=\"https:\/\/yildiztur.com\/index.php\/hizmetlerimiz\/musteri-servisleri\/\">M\u00fc\u015fteri Servisleri<\/a><\/h5>\n\t\t\t\t\t\t<p>Y\u0131ld\u0131z Tur t\u00fcm al\u0131\u015fveri\u015f merkezlerine ve zincir marketlerin &hellip;<\/p>\n\t\t\t\t\t\t\t\t\t\t\t<\/div>\n\t\t\t\t<\/div>\n\n\t\t\t<\/div><div id=\"panel-511-1-2-2\" class=\"so-panel widget widget_pt_featured_page widget-featured-page\" data-index=\"5\" >\t\t\t\t<div class=\"page-box page-box--inline post-511 page type-page status-publish hentry\">\n\t\t\t\t\t\t\t\t\t<a class=\"page-box__picture\" href=\"https:\/\/yildiztur.com\/index.php\/hizmetlerimiz\/ozel-turlar\/\"><img loading=\"lazy\" decoding=\"async\" width=\"100\" height=\"75\" src=\"https:\/\/i0.wp.com\/yildiztur.com\/wp-content\/uploads\/2019\/05\/ozel-turlar.jpg?resize=100%2C75&amp;ssl=1\" class=\"attachment-100x75-crop size-100x75-crop wp-post-image\" alt=\"\" srcset=\"https:\/\/i0.wp.com\/yildiztur.com\/wp-content\/uploads\/2019\/05\/ozel-turlar.jpg?resize=100%2C75&amp;ssl=1 100w, https:\/\/i0.wp.com\/yildiztur.com\/wp-content\/uploads\/2019\/05\/ozel-turlar.jpg?zoom=2&amp;resize=100%2C75&amp;ssl=1 200w, https:\/\/i0.wp.com\/yildiztur.com\/wp-content\/uploads\/2019\/05\/ozel-turlar.jpg?zoom=3&amp;resize=100%2C75&amp;ssl=1 300w\" sizes=\"auto, (max-width: 100px) 100vw, 100px\" \/><\/a>\n\t\t\t\t\t\t\t\t\t<div class=\"page-box__content\">\n\t\t\t\t\t\t<h5 class=\"page-box__title  text-uppercase\"><a href=\"https:\/\/yildiztur.com\/index.php\/hizmetlerimiz\/ozel-turlar\/\">\u00d6zel Turlar<\/a><\/h5>\n\t\t\t\t\t\t<p>Y\u0131ld\u0131z Tur t\u00fcm ger\u00e7ek ve t\u00fczel ki\u015filere resmi kurum ve &hellip;<\/p>\n\t\t\t\t\t\t\t\t\t\t\t<\/div>\n\t\t\t\t<\/div>\n\n\t\t\t<\/div><div id=\"panel-511-1-2-3\" class=\"so-panel widget widget_pt_featured_page widget-featured-page panel-last-child\" data-index=\"6\" >\t\t\t\t<div class=\"page-box page-box--inline post-511 page type-page status-publish hentry\">\n\t\t\t\t\t\t\t\t\t<a class=\"page-box__picture\" href=\"https:\/\/yildiztur.com\/index.php\/hizmetlerimiz\/arac-kiralama-hizmetleri\/\"><img loading=\"lazy\" decoding=\"async\" width=\"100\" height=\"75\" src=\"https:\/\/i0.wp.com\/yildiztur.com\/wp-content\/uploads\/2019\/05\/arac-kiralama-hizmeti.jpg?resize=100%2C75&amp;ssl=1\" class=\"attachment-100x75-crop size-100x75-crop wp-post-image\" alt=\"\" srcset=\"https:\/\/i0.wp.com\/yildiztur.com\/wp-content\/uploads\/2019\/05\/arac-kiralama-hizmeti.jpg?resize=100%2C75&amp;ssl=1 100w, https:\/\/i0.wp.com\/yildiztur.com\/wp-content\/uploads\/2019\/05\/arac-kiralama-hizmeti.jpg?zoom=2&amp;resize=100%2C75&amp;ssl=1 200w, https:\/\/i0.wp.com\/yildiztur.com\/wp-content\/uploads\/2019\/05\/arac-kiralama-hizmeti.jpg?zoom=3&amp;resize=100%2C75&amp;ssl=1 300w\" sizes=\"auto, (max-width: 100px) 100vw, 100px\" \/><\/a>\n\t\t\t\t\t\t\t\t\t<div class=\"page-box__content\">\n\t\t\t\t\t\t<h5 class=\"page-box__title  text-uppercase\"><a href=\"https:\/\/yildiztur.com\/index.php\/hizmetlerimiz\/arac-kiralama-hizmetleri\/\">Ara\u00e7 Kiralama Hizmetleri<\/a><\/h5>\n\t\t\t\t\t\t<p>Y\u0131ld\u0131z Tur Filo Kiralamadaki ara\u00e7 say\u0131s\u0131 ve \u00e7e\u015fitlili\u011fi, &hellip;<\/p>\n\t\t\t\t\t\t\t\t\t\t\t<\/div>\n\t\t\t\t<\/div>\n\n\t\t\t<\/div><\/div><\/div><div id=\"pg-511-2\"  class=\"panel-grid panel-has-style\" ><div class=\"siteorigin-panels-stretch panel-row-style panel-row-style-for-511-2\" data-stretch-type=\"full\" ><div id=\"pgc-511-2-0\"  class=\"panel-grid-cell\" ><div id=\"panel-511-2-0-0\" class=\"so-panel widget widget_ess-grid-widget widget_ess_grid panel-first-child panel-last-child\" data-index=\"7\" ><\/div><\/div><\/div><\/div><div id=\"pg-511-3\"  class=\"panel-grid panel-no-style\" ><div id=\"pgc-511-3-0\"  class=\"panel-grid-cell\" ><div id=\"panel-511-3-0-0\" class=\"so-panel widget widget_text panel-first-child\" data-index=\"8\" >\t\t\t<div class=\"textwidget\"><\/div>\n\t\t<\/div><div id=\"panel-511-3-0-1\" class=\"so-panel widget widget_black-studio-tinymce widget_black_studio_tinymce panel-last-child\" data-index=\"9\" ><h3 class=\"widget-title\">Neden Biz?<\/h3><div class=\"textwidget\"><h5><span style=\"color: #fcc71f;\"><br \/>\n<span class=\"icon-container\"><span class=\"fa fa-check\"><\/span><\/span><\/span> <span style=\"color: #333333;\">TECR\u00dcBE<\/span><\/h5>\n<p>Y\u0131ld\u0131z Tur Yalova'da gen\u00e7, dinamik ama ayn\u0131 zamanda y\u0131llar\u0131n tecr\u00fcbesine sahip k\u00f6kl\u00fc bir firmad\u0131r. Firmam\u0131z\u0131n ara\u00e7 filosu tamamen siz de\u011ferli m\u00fc\u015fterilerimizin ihtiya\u00e7lar\u0131 ve istekleri do\u011frultusunda \u015fekillenmi\u015ftir.<\/p>\n<h5><span style=\"color: #fcc71f;\"><br \/>\n<span class=\"icon-container\"><span class=\"fa fa-check\"><\/span><\/span><\/span>YEN\u0130L\u0130K\u00c7\u0130<\/h5>\n<p>Ara\u00e7 filomuz s\u00fcrekli geli\u015fmekte, yeni ara\u00e7lar, ara\u00e7 filomuzun b\u00fcnyesine kat\u0131lmaktad\u0131r. Ara\u00e7lar\u0131m\u0131z\u0131n t\u00fcm\u00fcnde ara\u00e7 izleme gps sistemi mevcuttur. M\u00fc\u015fterilerimiz ara\u00e7lar\u0131n\u0131n konumlar\u0131n\u0131 istedikleri takdirde internet \u00fczerinden izleyebilirler Turizm Ta\u015f\u0131mac\u0131l\u0131\u011f\u0131 ve Servis \u0130\u015flerinde, deneyimli personeli ve D2 belgeli g\u00fcvenilir ara\u00e7lar\u0131 ile turizm alan\u0131nda her t\u00fcrl\u00fc hizmeti \u00f6zenle vermektedir. <\/p>\n<h5><span style=\"color: #fcc71f;\"><br \/>\n<span class=\"icon-container\"><span class=\"fa fa-check\"><\/span><\/span><\/span> <span style=\"color: #333333;\">G\u00dcVENL\u0130<\/span><\/h5>\n<p>Ara\u00e7lar\u0131m\u0131z\u0131n hepsinde ara\u00e7 ve yolcu kasko sigortalar\u0131 mevcut olup, g\u00fcvenilirlik \u015firketimizin daimi bir ilkesi olmu\u015ftur. \u015eirketimiz zaman i\u00e7erisindeki deneyim ve turizm sekt\u00f6r\u00fcndeki edinimlerine dayanarak kurulan firmam\u0131z, turizm ta\u015f\u0131mac\u0131l\u0131k hususundaki eksiklikleri g\u00f6rerek kendini her ge\u00e7en g\u00fcn yenilemekte ve d\u00fcnya standartlar\u0131na ula\u015fmaya \u00e7al\u0131\u015fmaktad\u0131r. Verdi\u011fimiz hizmetlerde g\u00fcveni, konforu ve zaman\u0131 \u00e7ok iyi kullanarak sekt\u00f6rde lider olmak en b\u00fcy\u00fck hedefimizdir.<\/p>\n<\/div><\/div><\/div><div id=\"pgc-511-3-1\"  class=\"panel-grid-cell\" ><div id=\"panel-511-3-1-0\" class=\"so-panel widget widget_text panel-first-child\" data-index=\"10\" >\t\t\t<div class=\"textwidget\"><\/div>\n\t\t<\/div><div id=\"panel-511-3-1-1\" class=\"so-panel widget widget_black-studio-tinymce widget_black_studio_tinymce panel-last-child\" data-index=\"11\" ><h3 class=\"widget-title\">Biz Kimiz?<\/h3><div class=\"textwidget\"><p><img loading=\"lazy\" decoding=\"async\" class=\"wp-image-2774 size-medium alignleft\" src=\"https:\/\/i0.wp.com\/www.yildiztur.com\/wp-content\/uploads\/2019\/05\/yildizkurumsal1-300x168.jpg?resize=300%2C168\" alt=\"\" width=\"300\" height=\"168\" data-recalc-dims=\"1\" \/><a href=\"https:\/\/i0.wp.com\/www.yildiztur.com\/wp-content\/uploads\/2019\/05\/kurumsal-belgeler.jpg\"><img loading=\"lazy\" decoding=\"async\" class=\"alignleft wp-image-116 size-medium\" src=\"https:\/\/i0.wp.com\/www.yildiztur.com\/wp-content\/uploads\/2019\/05\/kurumsal-belgeler.jpg?resize=300%2C168\" alt=\"Content Image\" width=\"300\" height=\"168\" data-recalc-dims=\"1\" \/><\/a>Y\u0131ld\u0131z Tur, kuruldu\u011fu 1984 y\u0131l\u0131ndan bu yana Yalova i\u00e7inde ve d\u0131\u015f\u0131nda taksi, \u00f6\u011frenci ve personel ta\u015f\u0131mac\u0131l\u0131\u011f\u0131, vip ara\u00e7 ile \u00e7e\u015fitli organizasyonlarda ula\u015f\u0131m hizmeti vermektedir. \u0130nsan ta\u015f\u0131man\u0131n ayn\u0131 zamanda insan hayat\u0131n\u0131n emaneti oldu\u011funun bilincinde olarak kuruldu\u011fumuz g\u00fcnden bu yana \u201cdaima en kaliteli\u201d ilkesiyle \u00e7al\u0131\u015fmaktay\u0131z. \u0130nsan ta\u015f\u0131mac\u0131l\u0131\u011f\u0131nda en \u00f6nemli unsur olan yeni model ve konforlu ara\u00e7lar ile g\u00fcler y\u00fczl\u00fc, kurallara uyan, yolculara sayg\u0131l\u0131 ve deneyimli s\u00fcr\u00fcc\u00fclerimizle hizmet vermekteyiz.1984\u2019ten beri \u201cBir Yol Hikayesi\u201d slogan\u0131 ile firmam\u0131z hikayesini yazmaya sizlerin tercihleri ile devam edecektir.<\/p>\n<h5><strong><a href=\"index.php\/hakkimizda\/\">HAKKIMIZDA<\/a><\/strong><\/h5>\n<\/div><\/div><\/div><\/div><div id=\"pg-511-4\"  class=\"panel-grid panel-has-style\" ><div class=\"siteorigin-panels-stretch panel-row-style panel-row-style-for-511-4\" data-stretch-type=\"full\" ><div id=\"pgc-511-4-0\"  class=\"panel-grid-cell\" ><div id=\"panel-511-4-0-0\" class=\"so-panel widget widget_pt_testimonials widget-testimonials panel-first-child panel-last-child\" data-index=\"12\" >\n\t\t\t<div class=\"testimonial\">\n\t\t\t\t<h2 class=\"widget-title\">\n\t\t\t\t\t\t\t\t\t<a class=\"testimonial__carousel  testimonial__carousel--left\" href=\"#carousel-testimonials-widget-4-0-0\" data-slide=\"next\"><i class=\"fa  fa-angle-right\" aria-hidden=\"true\"><\/i><span class=\"sr-only\" role=\"button\">Next<\/span><\/a>\n\t\t\t\t\t<a class=\"testimonial__carousel  testimonial__carousel--right\" href=\"#carousel-testimonials-widget-4-0-0\" data-slide=\"prev\"><i class=\"fa  fa-angle-left\" aria-hidden=\"true\"><\/i><span class=\"sr-only\" role=\"button\">Previous<\/span><\/a>\n\t\t\t\t\n\t\t\t\t\tM\u00fc\u015fteri Yorumlar\u0131\t\t\t\t<\/h2>\n\t\t\t\t<div id=\"carousel-testimonials-widget-4-0-0\" class=\"carousel slide\" >\n\t\t\t\t\t<!-- Wrapper for slides -->\n\t\t\t\t\t<div class=\"carousel-inner\" role=\"listbox\">\n\t\t\t\t\t\t<div class=\"item active\">\n\t\t\t\t\t\t\t<div class=\"row\">\n\t\t\t\t\t\t\t\t\t\t\t\t\t\t\t\t\t\t\t\t\t\t\t<div class=\"col-xs-12  col-sm-6\">\n\t\t\t\t\t\t\t\t\t<blockquote class=\"testimonial__quote\">\n\t\t\t\t\t\t\t\t\t\tG\u00f6n\u00fcl rahatl\u0131yla \u00e7ocuklar\u0131m\u0131 emanet etti\u011fim bir \u00f6\u011frenci servisi  firmas\u0131, \u00e7al\u0131\u015fanlar\u0131ndan y\u00f6netimine kadar hepsi \u00e7ok ilgililer te\u015fekk\u00fcr ederim. \t\t\t\t\t\t\t\t\t<\/blockquote>\n\t\t\t\t\t\t\t\t\t<cite class=\"testimonial__author\">\n\t\t\t\t\t\t\t\t\t\tMehtap Sayg\u0131n\t\t\t\t\t\t\t\t\t<\/cite>\n\n\t\t\t\t\t\t\t\t\t\t\t\t\t\t\t\t\t\t\t<div class=\"testimonial__rating\">\n\t\t\t\t\t\t\t\t\t\t<i class=\"fa  fa-star\"><\/i><i class=\"fa  fa-star\"><\/i><i class=\"fa  fa-star\"><\/i><i class=\"fa  fa-star\"><\/i><i class=\"fa  fa-star\"><\/i>\t\t\t\t\t\t\t\t\t\t<\/div>\n\t\t\t\t\t\t\t\t\t\t\t\t\t\t\t\t\t<\/div>\n\t\t\t\t\t\t\t\t\t\t\t\t\t\t\t\t\t\t\t\t\t\t\t<div class=\"col-xs-12  col-sm-6\">\n\t\t\t\t\t\t\t\t\t<blockquote class=\"testimonial__quote\">\n\t\t\t\t\t\t\t\t\t\tPersonelimizin servisi i\u00e7in Yalova'da bir servis firmas\u0131 ar\u0131yorduk ve Y\u0131ld\u0131z Tur ile tan\u0131\u015ft\u0131k. Tecr\u00fcbesi zamanlamas\u0131 ve konforlu ara\u00e7lar\u0131yla personel servisi ihtiyac\u0131m\u0131za \u00e7\u00f6z\u00fcm oldular.\t\t\t\t\t\t\t\t\t<\/blockquote>\n\t\t\t\t\t\t\t\t\t<cite class=\"testimonial__author\">\n\t\t\t\t\t\t\t\t\t\tMehmet Tan\u0131l\t\t\t\t\t\t\t\t\t<\/cite>\n\n\t\t\t\t\t\t\t\t\t\t\t\t\t\t\t\t\t\t\t<div class=\"testimonial__rating\">\n\t\t\t\t\t\t\t\t\t\t<i class=\"fa  fa-star\"><\/i><i class=\"fa  fa-star\"><\/i><i class=\"fa  fa-star\"><\/i><i class=\"fa  fa-star\"><\/i><i class=\"fa  fa-star\"><\/i>\t\t\t\t\t\t\t\t\t\t<\/div>\n\t\t\t\t\t\t\t\t\t\t\t\t\t\t\t\t\t<\/div>\n\t\t\t\t\t\t\t\t\t\t\t\t\t\t\t<\/div><\/div> <div class=\"item\"><div class=\"row\">\t\t\t\t\t\t\t\t<div class=\"col-xs-12  col-sm-6\">\n\t\t\t\t\t\t\t\t\t<blockquote class=\"testimonial__quote\">\n\t\t\t\t\t\t\t\t\t\tYurt d\u0131\u015f\u0131ndan gelen m\u00fc\u015fterilerimiz i\u00e7in VIP ara\u00e7 ihtiyac\u0131m\u0131z i\u00e7in Y\u0131ld\u0131z Tur'u tercih ettik. Yakla\u015f\u0131k 1 haftal\u0131k haftal\u0131k hizmetlerinden ger\u00e7ekten \u00e7ok memnun kald\u0131k. Bir dahaki ihtiya\u00e7lar\u0131m\u0131zda g\u00f6r\u00fc\u015fmek \u00fczere.\t\t\t\t\t\t\t\t\t<\/blockquote>\n\t\t\t\t\t\t\t\t\t<cite class=\"testimonial__author\">\n\t\t\t\t\t\t\t\t\t\tH\u00fcseyin G\u00fczel\t\t\t\t\t\t\t\t\t<\/cite>\n\n\t\t\t\t\t\t\t\t\t\t\t\t\t\t\t\t\t\t\t<div class=\"testimonial__rating\">\n\t\t\t\t\t\t\t\t\t\t<i class=\"fa  fa-star\"><\/i><i class=\"fa  fa-star\"><\/i><i class=\"fa  fa-star\"><\/i><i class=\"fa  fa-star\"><\/i><i class=\"fa  fa-star\"><\/i>\t\t\t\t\t\t\t\t\t\t<\/div>\n\t\t\t\t\t\t\t\t\t\t\t\t\t\t\t\t\t<\/div>\n\t\t\t\t\t\t\t\t\t\t\t\t\t\t\t\t\t\t\t\t\t\t\t<div class=\"col-xs-12  col-sm-6\">\n\t\t\t\t\t\t\t\t\t<blockquote class=\"testimonial__quote\">\n\t\t\t\t\t\t\t\t\t\tBir gezi organizasyonu i\u00e7in ara\u00e7 ihiyac\u0131m\u0131za konforlu ve g\u00fcvenli ara\u00e7lar\u0131 ve g\u00fcler y\u00fczl\u00fc personeliyle kar\u015f\u0131l\u0131k verdiler. Y\u0131ld\u0131z Tur ailesine te\u015fekk\u00fcr ederiz.\t\t\t\t\t\t\t\t\t<\/blockquote>\n\t\t\t\t\t\t\t\t\t<cite class=\"testimonial__author\">\n\t\t\t\t\t\t\t\t\t\tSel\u00e7uk Vatansever\t\t\t\t\t\t\t\t\t<\/cite>\n\n\t\t\t\t\t\t\t\t\t\t\t\t\t\t\t\t\t\t\t<div class=\"testimonial__rating\">\n\t\t\t\t\t\t\t\t\t\t<i class=\"fa  fa-star\"><\/i><i class=\"fa  fa-star\"><\/i><i class=\"fa  fa-star\"><\/i><i class=\"fa  fa-star\"><\/i><i class=\"fa  fa-star\"><\/i>\t\t\t\t\t\t\t\t\t\t<\/div>\n\t\t\t\t\t\t\t\t\t\t\t\t\t\t\t\t\t<\/div>\n\t\t\t\t\t\t\t\t\t\t\t\t\t\t<\/div>\n\t\t\t\t\t\t<\/div>\n\t\t\t\t\t<\/div>\n\t\t\t\t<\/div>\n\t\t\t<\/div>\n\n\t\t\t<\/div><\/div><\/div><\/div><div id=\"pg-511-5\"  class=\"panel-grid panel-has-style\" ><div class=\"siteorigin-panels-stretch panel-row-style panel-row-style-for-511-5\" data-stretch-type=\"full\" ><div id=\"pgc-511-5-0\"  class=\"panel-grid-cell\" ><div id=\"panel-511-5-0-0\" class=\"so-panel widget widget_text panel-first-child panel-last-child\" data-index=\"13\" >\t\t\t<div class=\"textwidget\"><div class=\"motivational-text\">Tecr\u00fcbeli kadrosu ve \u00f6zverili \u00e7al\u0131\u015fma temposunun yan\u0131 s\u0131ra, teknolojiyi ve yenilikleri de takip edip uygulamas\u0131yla, k\u0131sa zamanda sekt\u00f6rde ciddi bir pazar pay\u0131na sahip bir\u00e7ok yenili\u011fi ve hizmet standard\u0131n\u0131 uygulamaya sokan Y\u0131ld\u0131z Tur, hedefini servis hizmetinde en iyi lojistik destek olarak belirlemi\u015f ve bu y\u00f6nde ba\u015far\u0131l\u0131 olmu\u015ftur.<\/div><\/div>\n\t\t<\/div><\/div><\/div><\/div><div id=\"pg-511-6\"  class=\"panel-grid panel-no-style\" ><div id=\"pgc-511-6-0\"  class=\"panel-grid-cell\" ><div id=\"panel-511-6-0-0\" class=\"so-panel widget widget_text panel-first-child panel-last-child\" data-index=\"14\" ><h3 class=\"widget-title\">M\u00fc\u015fterilerimiz \/ Referanslar\u0131m\u0131z<\/h3>\t\t\t<div class=\"textwidget\"><div class=\"logo-panel\">\n  <div class=\"row\">\n    <div class=\"col-xs-12  col-sm-2\">\n      <img decoding=\"async\" src=\"https:\/\/i0.wp.com\/www.yildiztur.com\/wp-content\/uploads\/2019\/05\/yalova-belediyesi.jpg?w=1140\" alt=\"Client\" data-recalc-dims=\"1\">\n    <\/div>\n    <div class=\"col-xs-12  col-sm-2\">\n      <img decoding=\"async\" src=\"https:\/\/i0.wp.com\/www.yildiztur.com\/wp-content\/uploads\/2019\/05\/fresenius-medical-care.jpg?w=1140\" alt=\"Client\" data-recalc-dims=\"1\">\n    <\/div>\n    <div class=\"col-xs-12  col-sm-2\">\n      <img decoding=\"async\" src=\"https:\/\/i0.wp.com\/www.yildiztur.com\/wp-content\/uploads\/2019\/06\/yurt-ici-kargo-referans.jpg?w=1140\" alt=\"Client\" data-recalc-dims=\"1\">\n    <\/div>\n    <div class=\"col-xs-12  col-sm-2\">\n      <img decoding=\"async\" src=\"https:\/\/i0.wp.com\/www.yildiztur.com\/wp-content\/uploads\/2019\/06\/be\u015fikta\u015f-tersanesi.jpg?w=1140\" alt=\"Client\" data-recalc-dims=\"1\">\n    <\/div>\n    <div class=\"col-xs-12  col-sm-2\">\n      <img decoding=\"async\" src=\"https:\/\/i0.wp.com\/www.yildiztur.com\/wp-content\/uploads\/2019\/06\/yalova-koleji.jpg?w=1140\" alt=\"Client\" data-recalc-dims=\"1\">\n    <\/div>\n    <div class=\"col-xs-12  col-sm-2\">\n      <img decoding=\"async\" src=\"https:\/\/i0.wp.com\/www.yildiztur.com\/wp-content\/uploads\/2019\/06\/bilge-okullar\u0131.jpg?w=1140\" alt=\"Client\" data-recalc-dims=\"1\">\n    <\/div>\n    <div class=\"col-xs-12  col-sm-2\">\n      <img decoding=\"async\" src=\"https:\/\/i0.wp.com\/www.yildiztur.com\/wp-content\/uploads\/2019\/06\/Denizcilik-Lisesi.jpg?w=1140\" alt=\"Client\" data-recalc-dims=\"1\">\n    <\/div>\n    <div class=\"col-xs-12  col-sm-2\">\n      <img decoding=\"async\" src=\"https:\/\/i0.wp.com\/www.yildiztur.com\/wp-content\/uploads\/2019\/06\/Fatih-Sultan-Mehmet-Anadolu-Lisesi.jpg?w=1140\" alt=\"Client\" data-recalc-dims=\"1\">\n    <\/div>\n  <div class=\"col-xs-12  col-sm-2\">\n      <img decoding=\"async\" src=\"https:\/\/i0.wp.com\/www.yildiztur.com\/wp-content\/uploads\/2019\/07\/surat-kargo.jpg?w=1140\" alt=\"Client\" data-recalc-dims=\"1\">\n    <\/div>\n <div class=\"col-xs-12  col-sm-2\">\n      <img decoding=\"async\" src=\"https:\/\/i0.wp.com\/www.yildiztur.com\/wp-content\/uploads\/2021\/01\/tuvturk.jpg?w=1140\" alt=\"Client\" data-recalc-dims=\"1\">\n <\/div>\n <div class=\"col-xs-12  col-sm-2\">\n      <img decoding=\"async\" src=\"https:\/\/i0.wp.com\/yildiztur.com\/wp-content\/uploads\/2022\/10\/mazu-referans.jpg?w=1140&#038;ssl=1\" alt=\"Client\" data-recalc-dims=\"1\">\n\n    <\/div>\n    <\/div>\n  <\/div>\n<\/div><\/div>\n\t\t<\/div><\/div><\/div><\/div>","protected":false},"excerpt":{"rendered":"<p>G\u00fcvenli, konforlu ve kaliteli hizmet veren bir servis tur firmas\u0131 m\u0131 ar\u0131yorsunuz? ARA\u00c7LARIMIZ\u00a0\u00a0\u00a0\u0130LET\u0130\u015e\u0130ME GE\u00c7 Personel Servis Ta\u015f\u0131mac\u0131l\u0131\u011f\u0131 Y\u0131ld\u0131z Tur, ta\u015f\u0131mac\u0131l\u0131\u011f\u0131n\u0131 yapt\u0131\u011f\u0131 \u00e7al\u0131\u015fanlar\u0131n konforlu ve g\u00fcven i\u00e7inde ta\u015f\u0131mas\u0131n\u0131 yaparken, belirtilen saat ve yere, taahh\u00fct etti\u011fi ko\u015fullarda ula\u015fmas\u0131n\u0131 da garanti alt\u0131na almaktad\u0131r. Devam\u0131n\u0131 Oku \u00d6\u011frenci Servis Ta\u015f\u0131mac\u0131l\u0131\u011f\u0131 Ta\u015f\u0131ma ve ula\u015ft\u0131rma alan\u0131na s\u00fcrekli ihtiya\u00e7 duymaktay\u0131z. Yeni nesil sistemlerimiz &hellip;<\/p>\n","protected":false},"author":1,"featured_media":0,"parent":0,"menu_order":0,"comment_status":"closed","ping_status":"closed","template":"template-front-page-slider.php","meta":{"footnotes":""},"class_list":["post-511","page","type-page","status-publish","hentry"],"acf":[],"jetpack-related-posts":[],"_links":{"self":[{"href":"https:\/\/yildiztur.com\/index.php\/wp-json\/wp\/v2\/pages\/511","targetHints":{"allow":["GET"]}}],"collection":[{"href":"https:\/\/yildiztur.com\/index.php\/wp-json\/wp\/v2\/pages"}],"about":[{"href":"https:\/\/yildiztur.com\/index.php\/wp-json\/wp\/v2\/types\/page"}],"author":[{"embeddable":true,"href":"https:\/\/yildiztur.com\/index.php\/wp-json\/wp\/v2\/users\/1"}],"replies":[{"embeddable":true,"href":"https:\/\/yildiztur.com\/index.php\/wp-json\/wp\/v2\/comments?post=511"}],"version-history":[{"count":2,"href":"https:\/\/yildiztur.com\/index.php\/wp-json\/wp\/v2\/pages\/511\/revisions"}],"predecessor-version":[{"id":3312,"href":"https:\/\/yildiztur.com\/index.php\/wp-json\/wp\/v2\/pages\/511\/revisions\/3312"}],"wp:attachment":[{"href":"https:\/\/yildiztur.com\/index.php\/wp-json\/wp\/v2\/media?parent=511"}],"curies":[{"name":"wp","href":"https:\/\/api.w.org\/{rel}","templated":true}]}}