{"id":49,"date":"2014-10-23T08:32:31","date_gmt":"2014-10-23T05:32:31","guid":{"rendered":"https:\/\/xml-io.proteusthemes.com\/buildpress\/?page_id=49"},"modified":"2014-10-23T08:32:31","modified_gmt":"2014-10-23T05:32:31","slug":"hizmetlerimiz","status":"publish","type":"page","link":"https:\/\/yildiztur.com\/index.php\/hizmetlerimiz\/","title":{"rendered":"Hizmetlerimiz"},"content":{"rendered":"<div id=\"pl-49\"  class=\"panel-layout\" ><div id=\"pg-49-0\"  class=\"panel-grid panel-no-style\" ><div id=\"pgc-49-0-0\"  class=\"panel-grid-cell\" ><div id=\"panel-49-0-0-0\" class=\"so-panel widget widget_pt_featured_page widget-featured-page panel-first-child panel-last-child\" data-index=\"0\" >\t\t\t\t<div class=\"page-box page-box--block post-49 page type-page status-publish hentry\">\n\t\t\t\t\t\t\t\t\t\t\t\t\t\t\t<a class=\"page-box__picture\" href=\"https:\/\/yildiztur.com\/index.php\/hizmetlerimiz\/personel-servis-tasimaciligi\/\"><img loading=\"lazy\" decoding=\"async\" src=\"https:\/\/i0.wp.com\/yildiztur.com\/wp-content\/uploads\/2019\/05\/personel-servisi-1.jpg?resize=360%2C202&#038;ssl=1\" width=\"360\" height=\"202\" srcset=\"https:\/\/i0.wp.com\/yildiztur.com\/wp-content\/uploads\/2019\/05\/personel-servisi-1.jpg?resize=360%2C202&ssl=1 360w, https:\/\/i0.wp.com\/yildiztur.com\/wp-content\/uploads\/2019\/05\/personel-servisi-1.jpg?fit=1140%2C640&ssl=1 1140w\" sizes=\"auto, (min-width: 992px) 360px, calc(100vw - 30px)\" class=\"wp-post-image\" alt=\"Personel Servis Ta\u015f\u0131mac\u0131l\u0131\u011f\u0131\"><\/a>\n\t\t\t\t\t\t\t\t\t\t\t\t\t\t<div class=\"page-box__content\">\n\t\t\t\t\t\t<h5 class=\"page-box__title  text-uppercase\"><a href=\"https:\/\/yildiztur.com\/index.php\/hizmetlerimiz\/personel-servis-tasimaciligi\/\">Personel Servis Ta\u015f\u0131mac\u0131l\u0131\u011f\u0131<\/a><\/h5>\n\t\t\t\t\t\t<p>Y\u0131ld\u0131z Tur, ta\u015f\u0131mac\u0131l\u0131\u011f\u0131n\u0131 yapt\u0131\u011f\u0131 \u00e7al\u0131\u015fanlar\u0131n konforlu ve g\u00fcven i\u00e7inde ta\u015f\u0131mas\u0131n\u0131 yaparken, belirtilen saat ve yere, taahh\u00fct etti\u011fi ko\u015fullarda ula\u015fmas\u0131n\u0131 da garanti alt\u0131na almaktad\u0131r. <\/p>\n\t\t\t\t\t\t\t\t\t\t\t\t\t<p><a href=\"https:\/\/yildiztur.com\/index.php\/hizmetlerimiz\/personel-servis-tasimaciligi\/\" class=\"read-more  read-more--page-box\">Devam\u0131n\u0131 Oku<\/a><\/p>\n\t\t\t\t\t\t\t\t\t\t\t<\/div>\n\t\t\t\t<\/div>\n\n\t\t\t<\/div><\/div><div id=\"pgc-49-0-1\"  class=\"panel-grid-cell\" ><div id=\"panel-49-0-1-0\" class=\"so-panel widget widget_pt_featured_page widget-featured-page panel-first-child panel-last-child\" data-index=\"1\" >\t\t\t\t<div class=\"page-box page-box--block post-49 page type-page status-publish hentry\">\n\t\t\t\t\t\t\t\t\t\t\t\t\t\t\t<a class=\"page-box__picture\" href=\"https:\/\/yildiztur.com\/index.php\/hizmetlerimiz\/vip-arac-hizmetleri\/\"><img loading=\"lazy\" decoding=\"async\" src=\"https:\/\/i0.wp.com\/yildiztur.com\/wp-content\/uploads\/2019\/05\/viparaclar-1.jpg?resize=360%2C202&#038;ssl=1\" width=\"360\" height=\"202\" srcset=\"https:\/\/i0.wp.com\/yildiztur.com\/wp-content\/uploads\/2019\/05\/viparaclar-1.jpg?resize=360%2C202&ssl=1 360w, https:\/\/i0.wp.com\/yildiztur.com\/wp-content\/uploads\/2019\/05\/viparaclar-1.jpg?fit=1140%2C640&ssl=1 1140w\" sizes=\"auto, (min-width: 992px) 360px, calc(100vw - 30px)\" class=\"wp-post-image\" alt=\"VIP Ara\u00e7 Hizmetleri\"><\/a>\n\t\t\t\t\t\t\t\t\t\t\t\t\t\t<div class=\"page-box__content\">\n\t\t\t\t\t\t<h5 class=\"page-box__title  text-uppercase\"><a href=\"https:\/\/yildiztur.com\/index.php\/hizmetlerimiz\/vip-arac-hizmetleri\/\">VIP Ara\u00e7 Hizmetleri<\/a><\/h5>\n\t\t\t\t\t\t<p>Uzun y\u0131llara dayanan deneyimiyle kurumsal ve bireysel m\u00fc\u015fterilerine \u00d6zel donan\u0131ml\u0131 VIP Ara\u00e7lar\u0131 ve \u00f6zel e\u011fitimli \u015fof\u00f6rleriyle hizmet veren Y\u0131ld\u0131z Tur, bu y\u00f6n\u00fcyle de sekt\u00f6r\u00fcn \u00f6nde gelen firmas\u0131d\u0131r. <\/p>\n\t\t\t\t\t\t\t\t\t\t\t\t\t<p><a href=\"https:\/\/yildiztur.com\/index.php\/hizmetlerimiz\/vip-arac-hizmetleri\/\" class=\"read-more  read-more--page-box\">Devam\u0131n\u0131 Oku<\/a><\/p>\n\t\t\t\t\t\t\t\t\t\t\t<\/div>\n\t\t\t\t<\/div>\n\n\t\t\t<\/div><\/div><div id=\"pgc-49-0-2\"  class=\"panel-grid-cell\" ><div id=\"panel-49-0-2-0\" class=\"so-panel widget widget_pt_featured_page widget-featured-page panel-first-child panel-last-child\" data-index=\"2\" >\t\t\t\t<div class=\"page-box page-box--block post-49 page type-page status-publish hentry\">\n\t\t\t\t\t\t\t\t\t\t\t\t\t\t\t<a class=\"page-box__picture\" href=\"https:\/\/yildiztur.com\/index.php\/hizmetlerimiz\/ogrenci-servis-tasimaciligi\/\"><img loading=\"lazy\" decoding=\"async\" src=\"https:\/\/i0.wp.com\/yildiztur.com\/wp-content\/uploads\/2019\/05\/ogrenci-servis-tasimaciligi-1.jpg?resize=360%2C202&#038;ssl=1\" width=\"360\" height=\"202\" srcset=\"https:\/\/i0.wp.com\/yildiztur.com\/wp-content\/uploads\/2019\/05\/ogrenci-servis-tasimaciligi-1.jpg?resize=360%2C202&ssl=1 360w, https:\/\/i0.wp.com\/yildiztur.com\/wp-content\/uploads\/2019\/05\/ogrenci-servis-tasimaciligi-1.jpg?fit=1140%2C640&ssl=1 1140w\" sizes=\"auto, (min-width: 992px) 360px, calc(100vw - 30px)\" class=\"wp-post-image\" alt=\"\u00d6\u011frenci Servis Ta\u015f\u0131mac\u0131l\u0131\u011f\u0131\"><\/a>\n\t\t\t\t\t\t\t\t\t\t\t\t\t\t<div class=\"page-box__content\">\n\t\t\t\t\t\t<h5 class=\"page-box__title  text-uppercase\"><a href=\"https:\/\/yildiztur.com\/index.php\/hizmetlerimiz\/ogrenci-servis-tasimaciligi\/\">\u00d6\u011frenci Servis Ta\u015f\u0131mac\u0131l\u0131\u011f\u0131<\/a><\/h5>\n\t\t\t\t\t\t<p>Ta\u015f\u0131ma ve ula\u015ft\u0131rma alan\u0131na s\u00fcrekli ihtiya\u00e7 duymaktay\u0131z. Yeni nesil sistemlerimiz ve beklentilerinizi kar\u015f\u0131layacak hizmet alan\u0131m\u0131z ile okul ve \u00f6\u011frenci ta\u015f\u0131mac\u0131l\u0131\u011f\u0131 kategorisinde sizlere daima destek olmaktay\u0131z. <\/p>\n\t\t\t\t\t\t\t\t\t\t\t\t\t<p><a href=\"https:\/\/yildiztur.com\/index.php\/hizmetlerimiz\/ogrenci-servis-tasimaciligi\/\" class=\"read-more  read-more--page-box\">Devam\u0131n\u0131 Oku<\/a><\/p>\n\t\t\t\t\t\t\t\t\t\t\t<\/div>\n\t\t\t\t<\/div>\n\n\t\t\t<\/div><\/div><\/div><div id=\"pg-49-1\"  class=\"panel-grid panel-no-style\" ><div id=\"pgc-49-1-0\"  class=\"panel-grid-cell\" ><div id=\"panel-49-1-0-0\" class=\"so-panel widget widget_pt_featured_page widget-featured-page panel-first-child\" data-index=\"3\" >\t\t\t\t<div class=\"page-box page-box--block post-49 page type-page status-publish hentry\">\n\t\t\t\t\t\t\t\t\t\t\t\t\t\t\t<a class=\"page-box__picture\" href=\"https:\/\/yildiztur.com\/index.php\/hizmetlerimiz\/ozel-turlar\/\"><img loading=\"lazy\" decoding=\"async\" src=\"https:\/\/i0.wp.com\/yildiztur.com\/wp-content\/uploads\/2019\/05\/ozel-turlar.jpg?resize=360%2C202&#038;ssl=1\" width=\"360\" height=\"202\" srcset=\"https:\/\/i0.wp.com\/yildiztur.com\/wp-content\/uploads\/2019\/05\/ozel-turlar.jpg?resize=360%2C202&ssl=1 360w, https:\/\/i0.wp.com\/yildiztur.com\/wp-content\/uploads\/2019\/05\/ozel-turlar.jpg?fit=1140%2C640&ssl=1 1140w\" sizes=\"auto, (min-width: 992px) 360px, calc(100vw - 30px)\" class=\"wp-post-image\" alt=\"\u00d6zel Turlar\"><\/a>\n\t\t\t\t\t\t\t\t\t\t\t\t\t\t<div class=\"page-box__content\">\n\t\t\t\t\t\t<h5 class=\"page-box__title  text-uppercase\"><a href=\"https:\/\/yildiztur.com\/index.php\/hizmetlerimiz\/ozel-turlar\/\">\u00d6zel Turlar<\/a><\/h5>\n\t\t\t\t\t\t<p>Y\u0131ld\u0131z Tur t\u00fcm ger\u00e7ek ve t\u00fczel ki\u015filere resmi kurum ve kurulu\u015flara yurt i\u00e7i gezilerinde ara\u00e7 temin etmektedir. <\/p>\n\t\t\t\t\t\t\t\t\t\t\t\t\t<p><a href=\"https:\/\/yildiztur.com\/index.php\/hizmetlerimiz\/ozel-turlar\/\" class=\"read-more  read-more--page-box\">Devam\u0131n\u0131 Oku<\/a><\/p>\n\t\t\t\t\t\t\t\t\t\t\t<\/div>\n\t\t\t\t<\/div>\n\n\t\t\t<\/div><div id=\"panel-49-1-0-1\" class=\"so-panel widget widget_pt_featured_page widget-featured-page panel-last-child\" data-index=\"4\" >\t\t\t\t<div class=\"page-box page-box--block post-49 page type-page status-publish hentry\">\n\t\t\t\t\t\t\t\t\t\t\t\t\t\t\t<a class=\"page-box__picture\" href=\"https:\/\/yildiztur.com\/index.php\/hizmetlerimiz\/taksi-hizmeti\/\"><img loading=\"lazy\" decoding=\"async\" src=\"https:\/\/i0.wp.com\/yildiztur.com\/wp-content\/uploads\/2019\/06\/taksi-hizmeti-2.jpg?resize=360%2C202&#038;ssl=1\" width=\"360\" height=\"202\" srcset=\"https:\/\/i0.wp.com\/yildiztur.com\/wp-content\/uploads\/2019\/06\/taksi-hizmeti-2.jpg?resize=360%2C202&ssl=1 360w, https:\/\/i0.wp.com\/yildiztur.com\/wp-content\/uploads\/2019\/06\/taksi-hizmeti-2.jpg?fit=1140%2C640&ssl=1 1140w\" sizes=\"auto, (min-width: 992px) 360px, calc(100vw - 30px)\" class=\"wp-post-image\" alt=\"Taksi Hizmeti\"><\/a>\n\t\t\t\t\t\t\t\t\t\t\t\t\t\t<div class=\"page-box__content\">\n\t\t\t\t\t\t<h5 class=\"page-box__title  text-uppercase\"><a href=\"https:\/\/yildiztur.com\/index.php\/hizmetlerimiz\/taksi-hizmeti\/\">Taksi Hizmeti<\/a><\/h5>\n\t\t\t\t\t\t<p>Yalova&#039;n\u0131n t\u00fcm il\u00e7elerine olmak \u00fczere toplam 15 ara\u00e7l\u0131k filomuzla ve tamam\u0131 profesyonellerden olu\u015fan ekibimizle, dini ve resmi g\u00fcnlerde bile tatil anlay\u0131\u015f\u0131 olmadan 7 g\u00fcn 24 saat kesintisiz hizmet vermekteyiz.\n\nOlas\u0131 bir kaza ya &hellip;<\/p>\n\t\t\t\t\t\t\t\t\t\t\t\t\t<p><a href=\"https:\/\/yildiztur.com\/index.php\/hizmetlerimiz\/taksi-hizmeti\/\" class=\"read-more  read-more--page-box\">Devam\u0131n\u0131 Oku<\/a><\/p>\n\t\t\t\t\t\t\t\t\t\t\t<\/div>\n\t\t\t\t<\/div>\n\n\t\t\t<\/div><\/div><div id=\"pgc-49-1-1\"  class=\"panel-grid-cell\" ><div id=\"panel-49-1-1-0\" class=\"so-panel widget widget_pt_featured_page widget-featured-page panel-first-child panel-last-child\" data-index=\"5\" >\t\t\t\t<div class=\"page-box page-box--block post-49 page type-page status-publish hentry\">\n\t\t\t\t\t\t\t\t\t\t\t\t\t\t\t<a class=\"page-box__picture\" href=\"https:\/\/yildiztur.com\/index.php\/hizmetlerimiz\/musteri-servisleri\/\"><img loading=\"lazy\" decoding=\"async\" src=\"https:\/\/i0.wp.com\/yildiztur.com\/wp-content\/uploads\/2019\/05\/musteri-servisi.jpg?resize=360%2C202&#038;ssl=1\" width=\"360\" height=\"202\" srcset=\"https:\/\/i0.wp.com\/yildiztur.com\/wp-content\/uploads\/2019\/05\/musteri-servisi.jpg?resize=360%2C202&ssl=1 360w, https:\/\/i0.wp.com\/yildiztur.com\/wp-content\/uploads\/2019\/05\/musteri-servisi.jpg?fit=1140%2C640&ssl=1 1140w\" sizes=\"auto, (min-width: 992px) 360px, calc(100vw - 30px)\" class=\"wp-post-image\" alt=\"M\u00fc\u015fteri Servisleri\"><\/a>\n\t\t\t\t\t\t\t\t\t\t\t\t\t\t<div class=\"page-box__content\">\n\t\t\t\t\t\t<h5 class=\"page-box__title  text-uppercase\"><a href=\"https:\/\/yildiztur.com\/index.php\/hizmetlerimiz\/musteri-servisleri\/\">M\u00fc\u015fteri Servisleri<\/a><\/h5>\n\t\t\t\t\t\t<p>Y\u0131ld\u0131z Tur t\u00fcm al\u0131\u015fveri\u015f merkezlerine ve zincir marketlerin m\u00fc\u015fteri servisleri i\u00e7in ara\u00e7 temin etmektedir. <\/p>\n\t\t\t\t\t\t\t\t\t\t\t\t\t<p><a href=\"https:\/\/yildiztur.com\/index.php\/hizmetlerimiz\/musteri-servisleri\/\" class=\"read-more  read-more--page-box\">Devam\u0131n\u0131 Oku<\/a><\/p>\n\t\t\t\t\t\t\t\t\t\t\t<\/div>\n\t\t\t\t<\/div>\n\n\t\t\t<\/div><\/div><div id=\"pgc-49-1-2\"  class=\"panel-grid-cell\" ><div id=\"panel-49-1-2-0\" class=\"so-panel widget widget_pt_featured_page widget-featured-page panel-first-child panel-last-child\" data-index=\"6\" >\t\t\t\t<div class=\"page-box page-box--block post-49 page type-page status-publish hentry\">\n\t\t\t\t\t\t\t\t\t\t\t\t\t\t\t<a class=\"page-box__picture\" href=\"https:\/\/yildiztur.com\/index.php\/hizmetlerimiz\/arac-kiralama-hizmetleri\/\"><img loading=\"lazy\" decoding=\"async\" src=\"https:\/\/i0.wp.com\/yildiztur.com\/wp-content\/uploads\/2019\/05\/arac-kiralama-hizmeti.jpg?resize=360%2C202&#038;ssl=1\" width=\"360\" height=\"202\" srcset=\"https:\/\/i0.wp.com\/yildiztur.com\/wp-content\/uploads\/2019\/05\/arac-kiralama-hizmeti.jpg?resize=360%2C202&ssl=1 360w, https:\/\/i0.wp.com\/yildiztur.com\/wp-content\/uploads\/2019\/05\/arac-kiralama-hizmeti.jpg?fit=1140%2C640&ssl=1 1140w\" sizes=\"auto, (min-width: 992px) 360px, calc(100vw - 30px)\" class=\"wp-post-image\" alt=\"Ara\u00e7 Kiralama Hizmetleri\"><\/a>\n\t\t\t\t\t\t\t\t\t\t\t\t\t\t<div class=\"page-box__content\">\n\t\t\t\t\t\t<h5 class=\"page-box__title  text-uppercase\"><a href=\"https:\/\/yildiztur.com\/index.php\/hizmetlerimiz\/arac-kiralama-hizmetleri\/\">Ara\u00e7 Kiralama Hizmetleri<\/a><\/h5>\n\t\t\t\t\t\t<p>Y\u0131ld\u0131z Tur Filo Kiralamadaki ara\u00e7 say\u0131s\u0131 ve \u00e7e\u015fitlili\u011fi, \u00e7ok y\u00f6nl\u00fc ihtiya\u00e7lar\u0131n\u0131z\u0131 sorunsuz olarak kar\u015f\u0131lama imk\u00e2n\u0131 sa\u011flarken t\u00fcm T\u00fcrkiye\u2019de olas\u0131 soru ve sorunlar\u0131n\u0131z\u0131n \u00e7\u00f6z\u00fcm\u00fc konusunda da en g\u00fcvenilir hizmeti &hellip;<\/p>\n\t\t\t\t\t\t\t\t\t\t\t\t\t<p><a href=\"https:\/\/yildiztur.com\/index.php\/hizmetlerimiz\/arac-kiralama-hizmetleri\/\" class=\"read-more  read-more--page-box\">Devam\u0131n\u0131 Oku<\/a><\/p>\n\t\t\t\t\t\t\t\t\t\t\t<\/div>\n\t\t\t\t<\/div>\n\n\t\t\t<\/div><\/div><\/div><\/div>","protected":false},"excerpt":{"rendered":"<p>Personel Servis Ta\u015f\u0131mac\u0131l\u0131\u011f\u0131 Y\u0131ld\u0131z Tur, ta\u015f\u0131mac\u0131l\u0131\u011f\u0131n\u0131 yapt\u0131\u011f\u0131 \u00e7al\u0131\u015fanlar\u0131n konforlu ve g\u00fcven i\u00e7inde ta\u015f\u0131mas\u0131n\u0131 yaparken, belirtilen saat ve yere, taahh\u00fct etti\u011fi ko\u015fullarda ula\u015fmas\u0131n\u0131 da garanti alt\u0131na almaktad\u0131r. Devam\u0131n\u0131 Oku VIP Ara\u00e7 Hizmetleri Uzun y\u0131llara dayanan deneyimiyle kurumsal ve bireysel m\u00fc\u015fterilerine \u00d6zel donan\u0131ml\u0131 VIP Ara\u00e7lar\u0131 ve \u00f6zel e\u011fitimli \u015fof\u00f6rleriyle hizmet veren Y\u0131ld\u0131z Tur, bu y\u00f6n\u00fcyle de sekt\u00f6r\u00fcn &hellip;<\/p>\n","protected":false},"author":1,"featured_media":0,"parent":0,"menu_order":0,"comment_status":"closed","ping_status":"closed","template":"","meta":{"footnotes":""},"class_list":["post-49","page","type-page","status-publish","hentry"],"acf":[],"jetpack-related-posts":[],"_links":{"self":[{"href":"https:\/\/yildiztur.com\/index.php\/wp-json\/wp\/v2\/pages\/49","targetHints":{"allow":["GET"]}}],"collection":[{"href":"https:\/\/yildiztur.com\/index.php\/wp-json\/wp\/v2\/pages"}],"about":[{"href":"https:\/\/yildiztur.com\/index.php\/wp-json\/wp\/v2\/types\/page"}],"author":[{"embeddable":true,"href":"https:\/\/yildiztur.com\/index.php\/wp-json\/wp\/v2\/users\/1"}],"replies":[{"embeddable":true,"href":"https:\/\/yildiztur.com\/index.php\/wp-json\/wp\/v2\/comments?post=49"}],"version-history":[{"count":0,"href":"https:\/\/yildiztur.com\/index.php\/wp-json\/wp\/v2\/pages\/49\/revisions"}],"wp:attachment":[{"href":"https:\/\/yildiztur.com\/index.php\/wp-json\/wp\/v2\/media?parent=49"}],"curies":[{"name":"wp","href":"https:\/\/api.w.org\/{rel}","templated":true}]}}