{"id":2993,"date":"2019-05-20T03:56:52","date_gmt":"2019-05-20T00:56:52","guid":{"rendered":"http:\/\/www.yildiztur.com\/?page_id=2993"},"modified":"2019-05-20T03:56:52","modified_gmt":"2019-05-20T00:56:52","slug":"taksi-hizmeti","status":"publish","type":"page","link":"https:\/\/yildiztur.com\/index.php\/hizmetlerimiz\/taksi-hizmeti\/","title":{"rendered":"Taksi Hizmeti"},"content":{"rendered":"<div id=\"pl-2993\"  class=\"panel-layout\" ><div id=\"pg-2993-0\"  class=\"panel-grid panel-no-style\" ><div id=\"pgc-2993-0-0\"  class=\"panel-grid-cell\" ><div id=\"panel-2993-0-0-0\" class=\"so-panel widget widget_black-studio-tinymce widget_black_studio_tinymce panel-first-child panel-last-child\" data-index=\"0\" ><div class=\"textwidget\"><p><a href=\"https:\/\/i0.wp.com\/www.yildiztur.com\/wp-content\/uploads\/2019\/06\/taksi-hizmeti.jpg\"><img loading=\"lazy\" decoding=\"async\" class=\"alignnone wp-image-118\" src=\"https:\/\/i0.wp.com\/www.yildiztur.com\/wp-content\/uploads\/2019\/06\/taksi-hizmeti.jpg?resize=410%2C230\" alt=\"Content Image\" width=\"410\" height=\"230\" data-recalc-dims=\"1\" \/><\/a><\/p>\n<\/div><\/div><\/div><div id=\"pgc-2993-0-1\"  class=\"panel-grid-cell\" ><div id=\"panel-2993-0-1-0\" class=\"so-panel widget widget_black-studio-tinymce widget_black_studio_tinymce panel-first-child panel-last-child\" data-index=\"1\" ><div class=\"textwidget\"><p>Yalova'n\u0131n t\u00fcm il\u00e7elerine olmak \u00fczere toplam 15 ara\u00e7l\u0131k filomuzla ve tamam\u0131 profesyonellerden olu\u015fan ekibimizle, dini ve resmi g\u00fcnlerde bile tatil anlay\u0131\u015f\u0131 olmadan 7 g\u00fcn 24 saat kesintisiz hizmet vermekteyiz.<\/p>\n<p>Olas\u0131 bir kaza ya da ya\u015fanabilecek olumsuzluklar i\u00e7in t\u00fcm ara\u00e7lar\u0131m\u0131zda hem koltuk sigortalar\u0131 hemde hayat sigortalar\u0131 mevcuttur.<br \/>\nM\u00fc\u015fterilerimizin g\u00fcvenli\u011fini en \u00fcst seviyede tutmak i\u00e7in t\u00fcm ara\u00e7lar\u0131m\u0131zda GPRS yani ara\u00e7 takip sistemimiz mevcuttur.<br \/>\nT\u00fcm ara\u00e7lar\u0131m\u0131z hem m\u00fc\u015fteri hizmetlerimiz, hem de idari kadromuz taraf\u0131ndan Sizin de\u011ferleriniz bizim de\u011ferlerimizdir! prensibi ile 7 g\u00fcn 24 saat izlenmektedir.<\/p>\n<\/div><\/div><\/div><\/div><\/div>","protected":false},"excerpt":{"rendered":"<p>Yalova&#8217;n\u0131n t\u00fcm il\u00e7elerine olmak \u00fczere toplam 15 ara\u00e7l\u0131k filomuzla ve tamam\u0131 profesyonellerden olu\u015fan ekibimizle, dini ve resmi g\u00fcnlerde bile tatil anlay\u0131\u015f\u0131 olmadan 7 g\u00fcn 24 saat kesintisiz hizmet vermekteyiz. Olas\u0131 bir kaza ya da ya\u015fanabilecek olumsuzluklar i\u00e7in t\u00fcm ara\u00e7lar\u0131m\u0131zda hem koltuk sigortalar\u0131 hemde hayat sigortalar\u0131 mevcuttur. M\u00fc\u015fterilerimizin g\u00fcvenli\u011fini en \u00fcst seviyede tutmak i\u00e7in t\u00fcm ara\u00e7lar\u0131m\u0131zda &hellip;<\/p>\n","protected":false},"author":1,"featured_media":3142,"parent":49,"menu_order":0,"comment_status":"closed","ping_status":"closed","template":"","meta":{"footnotes":""},"class_list":["post-2993","page","type-page","status-publish","has-post-thumbnail","hentry"],"acf":[],"jetpack-related-posts":[],"_links":{"self":[{"href":"https:\/\/yildiztur.com\/index.php\/wp-json\/wp\/v2\/pages\/2993","targetHints":{"allow":["GET"]}}],"collection":[{"href":"https:\/\/yildiztur.com\/index.php\/wp-json\/wp\/v2\/pages"}],"about":[{"href":"https:\/\/yildiztur.com\/index.php\/wp-json\/wp\/v2\/types\/page"}],"author":[{"embeddable":true,"href":"https:\/\/yildiztur.com\/index.php\/wp-json\/wp\/v2\/users\/1"}],"replies":[{"embeddable":true,"href":"https:\/\/yildiztur.com\/index.php\/wp-json\/wp\/v2\/comments?post=2993"}],"version-history":[{"count":0,"href":"https:\/\/yildiztur.com\/index.php\/wp-json\/wp\/v2\/pages\/2993\/revisions"}],"up":[{"embeddable":true,"href":"https:\/\/yildiztur.com\/index.php\/wp-json\/wp\/v2\/pages\/49"}],"wp:featuredmedia":[{"embeddable":true,"href":"https:\/\/yildiztur.com\/index.php\/wp-json\/wp\/v2\/media\/3142"}],"wp:attachment":[{"href":"https:\/\/yildiztur.com\/index.php\/wp-json\/wp\/v2\/media?parent=2993"}],"curies":[{"name":"wp","href":"https:\/\/api.w.org\/{rel}","templated":true}]}}