{"id":29,"date":"2014-10-20T12:48:29","date_gmt":"2014-10-20T09:48:29","guid":{"rendered":"https:\/\/xml-io.proteusthemes.com\/buildpress\/?page_id=29"},"modified":"2014-10-20T12:48:29","modified_gmt":"2014-10-20T09:48:29","slug":"iletisim","status":"publish","type":"page","link":"https:\/\/yildiztur.com\/index.php\/iletisim\/","title":{"rendered":"\u0130leti\u015fim"},"content":{"rendered":"<div id=\"pl-29\"  class=\"panel-layout\" ><div id=\"pg-29-0\"  class=\"panel-grid panel-no-style\" ><div id=\"pgc-29-0-0\"  class=\"panel-grid-cell\" ><div id=\"panel-29-0-0-0\" class=\"so-panel widget widget_text panel-first-child\" data-index=\"0\" >\t\t\t<div class=\"textwidget\"><\/div>\n\t\t<\/div><div id=\"panel-29-0-0-1\" class=\"so-panel widget widget_text panel-last-child\" data-index=\"1\" ><h3 class=\"widget-title\">Bize Ula\u015f\u0131n<\/h3>\t\t\t<div class=\"textwidget\"><\/div>\n\t\t<\/div><\/div><\/div><div id=\"pg-29-1\"  class=\"panel-grid panel-no-style\" ><div id=\"pgc-29-1-0\"  class=\"panel-grid-cell\" ><div id=\"panel-29-1-0-0\" class=\"so-panel widget widget_black-studio-tinymce widget_black_studio_tinymce panel-first-child panel-last-child\" data-index=\"2\" ><div class=\"textwidget\"><p><a href=\"https:\/\/i0.wp.com\/www.yildiztur.com\/wp-content\/uploads\/2019\/06\/YILDIZ-TUR-HARiTA-BUYUK.jpg\"><img loading=\"lazy\" decoding=\"async\" class=\"alignnone wp-image-116\" src=\"https:\/\/i0.wp.com\/www.yildiztur.com\/wp-content\/uploads\/2019\/06\/YILDIZ-TUR-HARiTA.jpg?resize=1010%2C230\" alt=\"Content Image\" width=\"1010\" height=\"230\" data-recalc-dims=\"1\" \/><\/a><\/p>\n<\/div><\/div><\/div><\/div><div id=\"pg-29-2\"  class=\"panel-grid panel-no-style\" ><div id=\"pgc-29-2-0\"  class=\"panel-grid-cell\" ><div id=\"panel-29-2-0-0\" class=\"so-panel widget widget_text panel-first-child\" data-index=\"3\" >\t\t\t<div class=\"textwidget\"><\/div>\n\t\t<\/div><div id=\"panel-29-2-0-1\" class=\"so-panel widget widget_text panel-last-child\" data-index=\"4\" ><h3 class=\"widget-title\">Bize Ula\u015f\u0131n<\/h3>\t\t\t<div class=\"textwidget\"><\/div>\n\t\t<\/div><\/div><\/div><div id=\"pg-29-3\"  class=\"panel-grid panel-no-style\" ><div id=\"pgc-29-3-0\"  class=\"panel-grid-cell\" ><div id=\"panel-29-3-0-0\" class=\"so-panel widget widget_text panel-first-child\" data-index=\"5\" >\t\t\t<div class=\"textwidget\"><span class=\"icon-container\"><span class=\"fa fa-home\"><\/span><\/span> <b>Y\u0131ld\u0131z Tur \u00d6\u011frenci & Personel Ta\u015f\u0131mac\u0131l\u0131\u011f\u0131<\/b><br>\nFevzi \u00c7akmak Mh. Ay Sk.<br>\nNo: 3\/A Merkez \/ YALOVA<br><br>\n<span class=\"icon-container\"><span class=\"fa fa-phone\"><\/span><\/span> <b>+90 226 813 53 53<\/b><br>\n<span class=\"icon-container\"><span class=\"fa fa-phone\"><\/span><\/span> <b>+90 533 151 53 77<\/b><br>\n<span class=\"icon-container\"><span class=\"fa fa-phone\"><\/span><\/span> <b>+90 532 424 53 68<\/b><br>\n<span class=\"icon-container\"><span class=\"fa fa-envelope\"><\/span><\/span> <a href=\"mailto:indo@yildiztur.com\">info@yildiztur.com<\/a><br><br>\n<span class=\"icon-container\"><span class=\"fa fa-home\"><\/span><\/span> <b>Pzt - Cmt 08.00 - 19.00<\/b><br>\nPazar KAPALI<\/div>\n\t\t<\/div><div id=\"panel-29-3-0-1\" class=\"so-panel widget widget_pt_social_icons widget-social-icons panel-last-child\" data-index=\"6\" >\t\t\t\t<a class=\"social-icons__link\" href=\"https:\/\/www.facebook.com\/ProteusThemes\" target=\"_blank\"><i class=\"fa  fa-facebook\"><\/i><\/a>\n\t\t\t\t\t\t\t<a class=\"social-icons__link\" href=\"https:\/\/twitter.com\/ProteusNetCom\" target=\"_blank\"><i class=\"fa  fa-twitter\"><\/i><\/a>\n\t\t\t\t\t\t\t<a class=\"social-icons__link\" href=\"https:\/\/www.youtube.com\/user\/ProteusNetCompany\" target=\"_blank\"><i class=\"fa  fa-youtube\"><\/i><\/a>\n\t\t\t<\/div><\/div><div id=\"pgc-29-3-1\"  class=\"panel-grid-cell\" ><div id=\"panel-29-3-1-0\" class=\"so-panel widget widget_text panel-first-child panel-last-child\" data-index=\"7\" >\t\t\t<div class=\"textwidget\"><div role=\"form\" class=\"wpcf7\" id=\"wpcf7-f5-o1\" lang=\"tr-TR\" dir=\"ltr\">\n<div class=\"screen-reader-response\"><p role=\"status\" aria-live=\"polite\" aria-atomic=\"true\"><\/p> <ul><\/ul><\/div>\n<form action=\"\/index.php\/wp-json\/wp\/v2\/pages\/29#wpcf7-f5-o1\" method=\"post\" class=\"wpcf7-form init\" novalidate=\"novalidate\" data-status=\"init\">\n<div style=\"display: none;\">\n<input type=\"hidden\" name=\"_wpcf7\" value=\"5\" \/>\n<input type=\"hidden\" name=\"_wpcf7_version\" value=\"5.6.4\" \/>\n<input type=\"hidden\" name=\"_wpcf7_locale\" value=\"tr_TR\" \/>\n<input type=\"hidden\" name=\"_wpcf7_unit_tag\" value=\"wpcf7-f5-o1\" \/>\n<input type=\"hidden\" name=\"_wpcf7_container_post\" value=\"0\" \/>\n<input type=\"hidden\" name=\"_wpcf7_posted_data_hash\" value=\"\" \/>\n<\/div>\n<p><label> Your name<br \/>\n    <span class=\"wpcf7-form-control-wrap\" data-name=\"your-name\"><input type=\"text\" name=\"your-name\" value=\"\" size=\"40\" class=\"wpcf7-form-control wpcf7-text wpcf7-validates-as-required\" aria-required=\"true\" aria-invalid=\"false\" \/><\/span> <\/label><\/p>\n<p><label> Your email<br \/>\n    <span class=\"wpcf7-form-control-wrap\" data-name=\"your-email\"><input type=\"email\" name=\"your-email\" value=\"\" size=\"40\" class=\"wpcf7-form-control wpcf7-text wpcf7-email wpcf7-validates-as-required wpcf7-validates-as-email\" aria-required=\"true\" aria-invalid=\"false\" \/><\/span> <\/label><\/p>\n<p><label> Subject<br \/>\n    <span class=\"wpcf7-form-control-wrap\" data-name=\"your-subject\"><input type=\"text\" name=\"your-subject\" value=\"\" size=\"40\" class=\"wpcf7-form-control wpcf7-text wpcf7-validates-as-required\" aria-required=\"true\" aria-invalid=\"false\" \/><\/span> <\/label><\/p>\n<p><label> Your message (optional)<br \/>\n    <span class=\"wpcf7-form-control-wrap\" data-name=\"your-message\"><textarea name=\"your-message\" cols=\"40\" rows=\"10\" class=\"wpcf7-form-control wpcf7-textarea\" aria-invalid=\"false\"><\/textarea><\/span> <\/label><\/p>\n<p><input type=\"submit\" value=\"Submit\" class=\"wpcf7-form-control has-spinner wpcf7-submit\" \/><\/p>\n<p style=\"display: none !important;\"><label>&#916;<textarea name=\"_wpcf7_ak_hp_textarea\" cols=\"45\" rows=\"8\" maxlength=\"100\"><\/textarea><\/label><input type=\"hidden\" id=\"ak_js_1\" name=\"_wpcf7_ak_js\" value=\"179\"\/><script>document.getElementById( \"ak_js_1\" ).setAttribute( \"value\", ( new Date() ).getTime() );<\/script><\/p><div class=\"wpcf7-response-output\" aria-hidden=\"true\"><\/div><\/form><\/div>\n<\/div>\n\t\t<\/div><\/div><\/div><\/div>","protected":false},"excerpt":{"rendered":"<p>Bize Ula\u015f\u0131n Bize Ula\u015f\u0131n Y\u0131ld\u0131z Tur \u00d6\u011frenci &#038; Personel Ta\u015f\u0131mac\u0131l\u0131\u011f\u0131 Fevzi \u00c7akmak Mh. Ay Sk. No: 3\/A Merkez \/ YALOVA +90 226 813 53 53 +90 533 151 53 77 +90 532 424 53 68 info@yildiztur.com Pzt &#8211; Cmt 08.00 &#8211; 19.00 Pazar KAPALI Your name Your email Subject Your message (optional) &#916;<\/p>\n","protected":false},"author":1,"featured_media":0,"parent":0,"menu_order":0,"comment_status":"closed","ping_status":"closed","template":"template-builder-page.php","meta":{"footnotes":""},"class_list":["post-29","page","type-page","status-publish","hentry"],"acf":[],"jetpack-related-posts":[],"_links":{"self":[{"href":"https:\/\/yildiztur.com\/index.php\/wp-json\/wp\/v2\/pages\/29","targetHints":{"allow":["GET"]}}],"collection":[{"href":"https:\/\/yildiztur.com\/index.php\/wp-json\/wp\/v2\/pages"}],"about":[{"href":"https:\/\/yildiztur.com\/index.php\/wp-json\/wp\/v2\/types\/page"}],"author":[{"embeddable":true,"href":"https:\/\/yildiztur.com\/index.php\/wp-json\/wp\/v2\/users\/1"}],"replies":[{"embeddable":true,"href":"https:\/\/yildiztur.com\/index.php\/wp-json\/wp\/v2\/comments?post=29"}],"version-history":[{"count":0,"href":"https:\/\/yildiztur.com\/index.php\/wp-json\/wp\/v2\/pages\/29\/revisions"}],"wp:attachment":[{"href":"https:\/\/yildiztur.com\/index.php\/wp-json\/wp\/v2\/media?parent=29"}],"curies":[{"name":"wp","href":"https:\/\/api.w.org\/{rel}","templated":true}]}}