{"id":171,"date":"2014-10-24T11:30:58","date_gmt":"2014-10-24T08:30:58","guid":{"rendered":"https:\/\/xml-io.proteusthemes.com\/buildpress\/?page_id=171"},"modified":"2014-10-24T11:30:58","modified_gmt":"2014-10-24T08:30:58","slug":"hakkimizda","status":"publish","type":"page","link":"https:\/\/yildiztur.com\/index.php\/hakkimizda\/","title":{"rendered":"Hakk\u0131m\u0131zda"},"content":{"rendered":"<div id=\"pl-171\"  class=\"panel-layout\" ><div id=\"pg-171-0\"  class=\"panel-grid panel-no-style\" ><div id=\"pgc-171-0-0\"  class=\"panel-grid-cell\" ><div id=\"panel-171-0-0-0\" class=\"so-panel widget widget_black-studio-tinymce widget_black_studio_tinymce panel-first-child panel-last-child\" data-index=\"0\" ><div class=\"textwidget\"><p>Y\u0131ld\u0131z Tur merhum babam\u0131z \u00d6ner Yal\u0131nk\u0131l\u0131\u00e7'\u0131n 1984 y\u0131l\u0131nda Y\u0131ld\u0131z Taksi'yi kurarak taksicilik yapmas\u0131 ve Yalova'n\u0131n ilk taksi duraklar\u0131ndan biri olmas\u0131 ile ta\u015f\u0131mac\u0131l\u0131k ruhunu ge\u00e7mi\u015ften alm\u0131\u015ft\u0131r.<\/p>\n<p>2007 y\u0131l\u0131ndan itibaren kurumsal kimlik kazanm\u0131\u015f olup, TSE, ISO 9001, belgelerine sahip olmu\u015ftur.<\/p>\n<p>2012 y\u0131l\u0131nda personel ve \u00f6\u011frenci ta\u015f\u0131mac\u0131l\u0131\u011f\u0131 hizmetlerini de b\u00fcnyesine katarak kaliteli ve g\u00fcvenilir hizmet i\u00e7in sekt\u00f6rde ki \u00f6nc\u00fc yerini alm\u0131\u015ft\u0131r.<\/p>\n<p>Profesyonel y\u00f6netimi ,uzman s\u00fcr\u00fcc\u00fc kadrosu ve g\u00fc\u00e7l\u00fc alt yap\u0131s\u0131 ile s\u00fcrekli geli\u015fimi prensip edinen firmam\u0131z, Yalova\u2019n\u0131n \u00f6nemli kamu kurulu\u015flar\u0131 ve \u00f6zel kurulu\u015flar\u0131na servis hizmetleri sunmaktad\u0131r. Vermi\u015f oldu\u011fumuz hizmetin kalitesinden \u00f6d\u00fcn vermedi\u011fimizi ald\u0131\u011f\u0131m\u0131z kalite belgeleriyle ta\u00e7land\u0131rd\u0131k. Hizmette kaliteye \u00f6nem vermemiz ve hizmetin s\u0131n\u0131rlar\u0131n\u0131 zorlamay\u0131 prensip haline getirmi\u015f yap\u0131m\u0131z firmam\u0131z\u0131n ilkelerini olu\u015fturmaktad\u0131r. Modern donan\u0131ml\u0131 ara\u00e7 filomuz ve hizmet kalitemiz ,sekt\u00f6rde Y\u0131ld\u0131z Tur ad\u0131n\u0131 ayr\u0131cal\u0131kl\u0131 bir konuma yerle\u015ftirmi\u015ftir. S\u00fcrekli geni\u015fleyen m\u00fc\u015fteri a\u011f\u0131m\u0131z,verdi\u011fimiz hizmet kalitesinin ve prensiplerimizin do\u011frulu\u011funun en b\u00fcy\u00fck ispat\u0131d\u0131r.<\/p>\n<\/div><\/div><\/div><div id=\"pgc-171-0-1\"  class=\"panel-grid-cell\" ><div id=\"panel-171-0-1-0\" class=\"so-panel widget widget_black-studio-tinymce widget_black_studio_tinymce panel-first-child panel-last-child\" data-index=\"1\" ><div class=\"textwidget\"><p><a href=\"https:\/\/i0.wp.com\/www.yildiztur.com\/wp-content\/uploads\/2019\/05\/kurumsal-belgeler.jpg\"><img loading=\"lazy\" decoding=\"async\" class=\"alignnone size-large wp-image-200\" src=\"https:\/\/i0.wp.com\/www.yildiztur.com\/wp-content\/uploads\/2019\/05\/kurumsal-belgeler.jpg?resize=1024%2C574\" alt=\"Project Image\" width=\"1024\" height=\"574\" data-recalc-dims=\"1\" \/><\/a><\/p>\n<\/div><\/div><\/div><\/div><\/div>","protected":false},"excerpt":{"rendered":"<p>Y\u0131ld\u0131z Tur merhum babam\u0131z \u00d6ner Yal\u0131nk\u0131l\u0131\u00e7&#8217;\u0131n 1984 y\u0131l\u0131nda Y\u0131ld\u0131z Taksi&#8217;yi kurarak taksicilik yapmas\u0131 ve Yalova&#8217;n\u0131n ilk taksi duraklar\u0131ndan biri olmas\u0131 ile ta\u015f\u0131mac\u0131l\u0131k ruhunu ge\u00e7mi\u015ften alm\u0131\u015ft\u0131r. 2007 y\u0131l\u0131ndan itibaren kurumsal kimlik kazanm\u0131\u015f olup, TSE, ISO 9001, belgelerine sahip olmu\u015ftur. 2012 y\u0131l\u0131nda personel ve \u00f6\u011frenci ta\u015f\u0131mac\u0131l\u0131\u011f\u0131 hizmetlerini de b\u00fcnyesine katarak kaliteli ve g\u00fcvenilir hizmet i\u00e7in sekt\u00f6rde ki &hellip;<\/p>\n","protected":false},"author":1,"featured_media":0,"parent":0,"menu_order":0,"comment_status":"closed","ping_status":"closed","template":"","meta":{"footnotes":""},"class_list":["post-171","page","type-page","status-publish","hentry"],"acf":[],"jetpack-related-posts":[],"_links":{"self":[{"href":"https:\/\/yildiztur.com\/index.php\/wp-json\/wp\/v2\/pages\/171","targetHints":{"allow":["GET"]}}],"collection":[{"href":"https:\/\/yildiztur.com\/index.php\/wp-json\/wp\/v2\/pages"}],"about":[{"href":"https:\/\/yildiztur.com\/index.php\/wp-json\/wp\/v2\/types\/page"}],"author":[{"embeddable":true,"href":"https:\/\/yildiztur.com\/index.php\/wp-json\/wp\/v2\/users\/1"}],"replies":[{"embeddable":true,"href":"https:\/\/yildiztur.com\/index.php\/wp-json\/wp\/v2\/comments?post=171"}],"version-history":[{"count":0,"href":"https:\/\/yildiztur.com\/index.php\/wp-json\/wp\/v2\/pages\/171\/revisions"}],"wp:attachment":[{"href":"https:\/\/yildiztur.com\/index.php\/wp-json\/wp\/v2\/media?parent=171"}],"curies":[{"name":"wp","href":"https:\/\/api.w.org\/{rel}","templated":true}]}}